{"id":988,"date":"2014-05-04T12:57:19","date_gmt":"2014-05-04T10:57:19","guid":{"rendered":"http:\/\/www.subcms.it\/nuovo_sito_subcms\/?page_id=988"},"modified":"2014-05-04T12:57:19","modified_gmt":"2014-05-04T10:57:19","slug":"privacy","status":"publish","type":"page","link":"https:\/\/www.subcms.it\/nuovo_sito_subcms\/privacy\/","title":{"rendered":"Privacy"},"content":{"rendered":"<div>\n<h1 style=\"text-align: justify;\">Privacy Policy di <strong>Centro Monfalconese Sommozzatori<\/strong><\/h1>\n<p style=\"text-align: justify;\">Questa Applicazione raccoglie alcuni Dati Personali dei propri Utenti.<\/p>\n<\/div>\n<div style=\"text-align: justify;\">\n<h2>Titolare del Trattamento dei Dati<\/h2>\n<p>Centro Monfalconese Sommozzatori,<br \/>\ninfo@subcms.it<\/p>\n<\/div>\n<div style=\"text-align: justify;\">\n<h2>Tipologie di Dati raccolti<\/h2>\n<p>Fra i Dati Personali raccolti da questa Applicazione, in modo autonomo o tramite terze parti, ci sono: Cookie, Dati di utilizzo, Email, Nome, Cognome e Numero di Telefono.<\/p>\n<p>Altri Dati Personali raccolti potrebbero essere indicati in altre sezioni di questa privacy policy o mediante testi informativi visualizzati contestualmente alla raccolta dei Dati stessi.<br \/>\nI Dati Personali possono essere inseriti volontariamente dall\u2019Utente, oppure raccolti in modo automatico durante l&#8217;uso di questa Applicazione.<br \/>\nL\u2019eventuale utilizzo di Cookie &#8211; o di altri strumenti di tracciamento &#8211; da parte di questa Applicazione o dei titolari dei servizi terzi utilizzati da questa Applicazione, ove non diversamente precisato, ha la finalit\u00e0 di identificare l\u2019Utente e registrare le relative preferenze per finalit\u00e0 strettamente legate all&#8217;erogazione del servizio richiesto dall\u2019Utente.<br \/>\nIl mancato conferimento da parte dell\u2019Utente di alcuni Dati Personali potrebbe impedire a questa Applicazione di erogare i propri servizi.<\/p>\n<p>L&#8217;Utente si assume la responsabilit\u00e0 dei Dati Personali di terzi pubblicati o condivisi mediante questa Applicazione e garantisce di avere il diritto di comunicarli o diffonderli, liberando il Titolare da qualsiasi responsabilit\u00e0 verso terzi.<\/p>\n<\/div>\n<div style=\"text-align: justify;\">\n<h2>Modalit\u00e0 e luogo del trattamento dei Dati raccolti<\/h2>\n<h3>Modalit\u00e0 di trattamento<\/h3>\n<p>Il Titolare tratta i Dati Personali degli Utenti adottando le opportune misure di sicurezza volte ad impedire l\u2019accesso, la divulgazione, la modifica o la distruzione non autorizzate dei Dati Personali.<br \/>\nL&#8217;accesso ai Dati potrebbe essere disponibile a Responsabili del Trattamento, come dipendenti coinvolti nel trattamento, o a soggetti esterni che forniscono servizi al Titolare, fornitori di servizi tecnici terzi, corrieri postali, hosting provider, societ\u00e0 informatiche, agenzie di comunicazione. L\u2019elenco aggiornato dei soggetti potr\u00e0 sempre essere richiesto al Titolare del Trattamento.<\/p>\n<h3>Luogo<\/h3>\n<p>I Dati sono trattati presso la sede del Titolare del Trattamento, salvo quanto altrimenti specificato nel resto del documento.<\/p>\n<h3>Tempi<\/h3>\n<p>I Dati sono trattati per il tempo necessario allo svolgimento del servizio richiesto dall\u2019Utente, o richiesto dalle finalit\u00e0 descritte in questo documento, e l\u2019Utente pu\u00f2 sempre chiedere l\u2019interruzione del Trattamento o la cancellazione dei Dati.<\/p>\n<\/div>\n<div style=\"text-align: justify;\">\n<h2>Finalit\u00e0 del Trattamento dei Dati raccolti<\/h2>\n<p>I Dati dell\u2019Utente sono raccolti per consentire all&#8217;applicazione di fornire i propri servizi, cos\u00ec come per le seguenti finalit\u00e0: Statistica, Contattare l&#8217;Utente e Interazione con social network e piattaforme esterne.<\/p>\n<p>Le tipologie di Dati Personali utilizzati per ciascuna finalit\u00e0 sono indicati nelle sezioni specifiche di questo documento.<\/p>\n<\/div>\n<div style=\"text-align: justify;\">\n<h2>Dettagli sul trattamento dei Dati Personali<\/h2>\n<p>I Dati Personali sono raccolti per le seguenti finalit\u00e0 ed utilizzando i seguenti servizi:<\/p>\n<ul>\n<li>\n<div>\n<h3>Contattare l&#8217;Utente<\/h3>\n<div>\n<h4>Mailing List o Newsletter (Questa Applicazione)<\/h4>\n<p>Registrandosi alla mailing list o alla newsletter, l\u2019indirizzo email dell\u2019Utente viene automaticamente inserito in una lista di contatti a cui potranno essere trasmessi messaggi email contenenti informazioni, anche di natura commerciale e promozionale, relative a questa Applicazione. Il tuo indirizzo email potrebbe anche essere aggiunto a questa lista come risultato della registrazione a questa Applicazione o dopo aver effettuato un acquisto.<\/p>\n<p>Dati personali raccolti: Email.<\/p>\n<p>&nbsp;<\/p>\n<h4>Modulo di contatto (Questa Applicazione)<\/h4>\n<p>L\u2019Utente, compilando con i propri Dati il modulo di contatto, acconsente al loro utilizzo per rispondere alle richieste di informazioni, di preventivo, o di qualunque altra natura indicata dall\u2019intestazione del modulo.<\/p>\n<p>Dati personali raccolti: Cognome, Email, Nome e Numero di Telefono.<\/p>\n<p>&nbsp;<\/p>\n<\/div>\n<\/div>\n<\/li>\n<li>\n<div>\n<h3>Interazione con social network e piattaforme esterne<\/h3>\n<div>\n<p>Questi servizi permettono di effettuare interazioni con i social network, o con altre piattaforme esterne, direttamente dalle pagine di questa Applicazione.<br \/>\nLe interazioni e le informazioni acquisite da questa Applicazione sono in ogni caso soggette alle impostazioni privacy dell\u2019Utente relative ad ogni social network.<br \/>\nNel caso in cui sia installato un servizio di interazione con i social network, \u00e8 possibile che, anche nel caso gli Utenti non utilizzino il servizio, lo stesso raccolga dati di traffico relativi alle pagine in cui \u00e8 installato.<\/p>\n<h4>Pulsante Mi Piace e widget sociali di Facebook (Facebook)<\/h4>\n<p>Il pulsante \u201cMi Piace\u201d e i widget sociali di Facebook sono servizi di interazione con il social network Facebook, forniti da Facebook Inc.<\/p>\n<p>Dati personali raccolti: Cookie e Dati di utilizzo.<\/p>\n<p>Luogo del trattamento: USA \u2013 <a href=\"http:\/\/www.facebook.com\/privacy\/explanation.php\" target=\"_blank\">Privacy Policy<\/a><\/p>\n<\/div>\n<\/div>\n<\/li>\n<li>\n<div>\n<h3>Statistica<\/h3>\n<div>\n<p>I servizi contenuti nella presente sezione permettono al Titolare del Trattamento di monitorare e analizzare i dati di traffico e servono a tener traccia del comportamento dell\u2019Utente.<\/p>\n<h4>Google Analytics (Google)<\/h4>\n<p>Google Analytics \u00e8 un servizio di analisi web fornito da Google Inc. (\u201cGoogle\u201d). Google utilizza i Dati Personali raccolti allo scopo di tracciare ed esaminare l\u2019utilizzo di questa Applicazione, compilare report e condividerli con gli altri servizi sviluppati da Google.<br \/>\nGoogle potrebbe utilizzare i Dati Personali per contestualizzare e personalizzare gli annunci del proprio network pubblicitario.<\/p>\n<p>Dati personali raccolti: Cookie e Dati di utilizzo.<\/p>\n<p>Luogo del trattamento: USA \u2013 <a href=\"http:\/\/www.google.com\/intl\/it\/policies\/privacy\/\" target=\"_blank\">Privacy Policy<\/a><\/p>\n<\/div>\n<\/div>\n<\/li>\n<\/ul>\n<\/div>\n<div style=\"text-align: justify;\">\n<h2>Ulteriori informazioni sul trattamento<\/h2>\n<h3>Difesa in giudizio<\/h3>\n<p>I Dati Personali dell\u2019Utente possono essere utilizzati per la difesa da parte del Titolare in giudizio o nelle fasi propedeutiche alla sua eventuale instaurazione, da abusi nell&#8217;utilizzo della stessa o dei servizi connessi da parte dell\u2019Utente.<\/p>\n<h3>Informative specifiche<\/h3>\n<p>In aggiunta alle informazioni contenute in questa privacy policy, questa Applicazione potrebbe fornire all&#8217;Utente delle informative contestuali riguardanti servizi specifici, o la raccolta ed il trattamento di Dati Personali.<\/p>\n<h3>Log di sistema e manutenzione<\/h3>\n<p>Per necessit\u00e0 legate al funzionamento ed alla manutenzione, questa Applicazione e gli eventuali servizi terzi da essa utilizzati potrebbero raccogliere Log di sistema, ossia file che registrano le interazioni e che possono contenere anche Dati Personali, quali l\u2019indirizzo IP. Utente<\/p>\n<h3>Informazioni non contenute in questa policy<\/h3>\n<p>Maggiori informazioni in relazione al trattamento dei Dati Personali potranno essere richieste in qualsiasi momento al Titolare del Trattamento utilizzando le informazioni di contatto.<\/p>\n<h3>Esercizio dei diritti da parte degli Utenti<\/h3>\n<p>I soggetti cui si riferiscono i Dati Personali hanno il diritto in qualunque momento di ottenere la conferma dell&#8217;esistenza o meno degli stessi presso il Titolare del Trattamento, di conoscerne il contenuto e l&#8217;origine, di verificarne l&#8217;esattezza o chiederne l\u2019integrazione, la cancellazione, l&#8217;aggiornamento, la rettifica, la trasformazione in forma anonima o il blocco dei Dati Personali trattati in violazione di legge, nonch\u00e9 di opporsi in ogni caso, per motivi legittimi, al loro trattamento. Le richieste vanno rivolte al Titolare del Trattamento.<\/p>\n<h3>Modifiche a questa privacy policy<\/h3>\n<p>Il Titolare del Trattamento si riserva il diritto di apportare modifiche alla presente privacy policy in qualunque momento dandone pubblicit\u00e0 agli Utenti su questa pagina. Si prega dunque di consultare spesso questa pagina, prendendo come riferimento la data di ultima modifica indicata in fondo. Nel caso di mancata accettazione delle modifiche apportate alla presente privacy policy, l\u2019Utente \u00e8 tenuto a cessare l\u2019utilizzo di questa Applicazione e pu\u00f2 richiedere al Titolare del Trattamento di cancellare i propri Dati Personali. Salvo quanto diversamente specificato, la precedente privacy policy continuer\u00e0 ad applicarsi ai Dati Personali sino a quel momento raccolti.<\/p>\n<h3>Informazioni su questa privacy policy<\/h3>\n<p>Il Titolare del Trattamento dei Dati \u00e8 responsabile per questa privacy policy, redatta partendo da moduli predisposti da Iubenda e conservati sui suoi server.<\/p>\n<\/div>\n<div>\n<div>\n<h3 style=\"text-align: justify;\">Definizioni e riferimenti legali<\/h3>\n<div>\n<h4 style=\"text-align: justify;\">Dati Personali (o Dati)<\/h4>\n<p style=\"text-align: justify;\">Costituisce dato personale qualunque informazione relativa a persona fisica, identificata o identificabile, anche indirettamente, mediante riferimento a qualsiasi altra informazione, ivi compreso un numero di identificazione personale.<\/p>\n<h4 style=\"text-align: justify;\">Dati di Utilizzo<\/h4>\n<p style=\"text-align: justify;\">Sono i dati personali raccolti in maniera automatica dall\u2019Applicazione (o dalle applicazioni di parti terze che la stessa utilizza), tra i quali: gli indirizzi IP o i nomi a dominio dei computer utilizzati dall\u2019Utente che si connette all\u2019Applicazione, gli indirizzi in notazione URI (Uniform Resource Identifier), l\u2019orario della richiesta, il metodo utilizzato nel sottoporre la richiesta al server, la dimensione del file ottenuto in risposta, il codice numerico indicante lo stato della risposta dal server (buon fine, errore, ecc.) il Paese di provenienza, le caratteristiche del browser e del sistema operativo utilizzati dal visitatore, le varie connotazioni temporali della visita (ad esempio il tempo di permanenza su ciascuna pagina) e i dettagli relativi all\u2019itinerario seguito all\u2019interno dell\u2019Applicazione, con particolare riferimento alla sequenza delle pagine consultate, ai parametri relativi al sistema operativo e all\u2019ambiente informatico dell\u2019Utente.<\/p>\n<h4 style=\"text-align: justify;\">Utente<\/h4>\n<p style=\"text-align: justify;\">L&#8217;individuo che utilizza questa Applicazione, che deve coincidere con l&#8217;Interessato o essere da questo autorizzato ed i cui Dati Personali sono oggetto del trattamento.<\/p>\n<h4 style=\"text-align: justify;\">Interessato<\/h4>\n<p style=\"text-align: justify;\">La persona fisica o giuridica cui si riferiscono i Dati Personali.<\/p>\n<h4 style=\"text-align: justify;\">Responsabile del Trattamento (o Responsabile)<\/h4>\n<p style=\"text-align: justify;\">La persona fisica, giuridica, la pubblica amministrazione e qualsiasi altro ente, associazione od organismo preposti dal Titolare al trattamento dei Dati Personali, secondo quanto predisposto dalla presente privacy policy.<\/p>\n<h4 style=\"text-align: justify;\">Titolare del Trattamento (o Titolare)<\/h4>\n<p style=\"text-align: justify;\">La persona fisica, giuridica, la pubblica amministrazione e qualsiasi altro ente, associazione od organismo cui competono, anche unitamente ad altro titolare, le decisioni in ordine alle finalit\u00e0, alle modalit\u00e0 del trattamento di dati personali ed agli strumenti utilizzati, ivi compreso il profilo della sicurezza, in relazione al funzionamento e alla fruizione di questa Applicazione. Il Titolare del Trattamento, salvo quanto diversamente specificato, \u00e8 il proprietario di questa Applicazione.<\/p>\n<h4 style=\"text-align: justify;\">Questa Applicazione<\/h4>\n<p style=\"text-align: justify;\">Lo strumento hardware o software mediante il quale sono raccolti i Dati Personali degli Utenti.<\/p>\n<h4 style=\"text-align: justify;\">Cookie<\/h4>\n<p style=\"text-align: justify;\">Piccola porzione di dati conservata all&#8217;interno del dispositivo dell&#8217;Utente.<\/p>\n<hr \/>\n<h4 style=\"text-align: justify;\">Riferimenti legali<\/h4>\n<p style=\"text-align: justify;\">Avviso agli Utenti europei: la presente informativa privacy \u00e8 redatta in adempimento degli obblighi previsti dall\u2019Art. 10 della Direttiva n. 95\/46\/CE, nonch\u00e9 a quanto previsto dalla Direttiva 2002\/58\/CE, come aggiornata dalla Direttiva 2009\/136\/CE, in materia di Cookie.<\/p>\n<p style=\"text-align: justify;\">Questa informativa privacy riguarda esclusivamente questa Applicazione.<\/p>\n<\/div>\n<\/div>\n<\/div>\n","protected":false},"excerpt":{"rendered":"<p>Privacy Policy di Centro Monfalconese Sommozzatori Questa Applicazione raccoglie alcuni Dati Personali dei propri Utenti. Titolare del Trattamento dei Dati Centro Monfalconese Sommozzatori, info@subcms.it Tipologie di Dati raccolti Fra i Dati Personali raccolti da questa Applicazione, in modo autonomo o tramite terze parti, ci sono: Cookie, Dati di utilizzo, Email, Nome, Cognome e Numero di Telefono. Altri Dati Personali raccolti potrebbero essere indicati in altre sezioni di questa privacy policy o mediante testi informativi visualizzati contestualmente alla raccolta dei Dati &#8230;<\/p>\n<p><a href=\"https:\/\/www.subcms.it\/nuovo_sito_subcms\/privacy\/\">Di pi&ugrave; &raquo;<\/a><\/p>\n","protected":false},"author":1,"featured_media":0,"parent":0,"menu_order":0,"comment_status":"open","ping_status":"open","template":"page-fullwidth.php","meta":{"_s2mail":"yes","ngg_post_thumbnail":0,"jetpack_post_was_ever_published":false},"acf":[],"yoast_head":"<!-- This site is optimized with the Yoast SEO plugin v20.7 - https:\/\/yoast.com\/wordpress\/plugins\/seo\/ -->\n<title>Privacy - Centro Monfalconese Sommozzatori (C.M.S)<\/title>\n<meta name=\"robots\" content=\"index, follow, max-snippet:-1, max-image-preview:large, max-video-preview:-1\" \/>\n<link rel=\"canonical\" href=\"https:\/\/www.subcms.it\/nuovo_sito_subcms\/privacy\/\" \/>\n<meta property=\"og:locale\" content=\"it_IT\" \/>\n<meta property=\"og:type\" content=\"article\" \/>\n<meta property=\"og:title\" content=\"Privacy - Centro Monfalconese Sommozzatori (C.M.S)\" \/>\n<meta property=\"og:description\" content=\"Privacy Policy di Centro Monfalconese Sommozzatori Questa Applicazione raccoglie alcuni Dati Personali dei propri Utenti. Titolare del Trattamento dei Dati Centro Monfalconese Sommozzatori, info@subcms.it Tipologie di Dati raccolti Fra i Dati Personali raccolti da questa Applicazione, in modo autonomo o tramite terze parti, ci sono: Cookie, Dati di utilizzo, Email, Nome, Cognome e Numero di Telefono. Altri Dati Personali raccolti potrebbero essere indicati in altre sezioni di questa privacy policy o mediante testi informativi visualizzati contestualmente alla raccolta dei Dati ...Di pi&ugrave; &raquo;\" \/>\n<meta property=\"og:url\" content=\"https:\/\/www.subcms.it\/nuovo_sito_subcms\/privacy\/\" \/>\n<meta property=\"og:site_name\" content=\"Centro Monfalconese Sommozzatori (C.M.S)\" \/>\n<meta name=\"twitter:label1\" content=\"Tempo di lettura stimato\" \/>\n\t<meta name=\"twitter:data1\" content=\"8 minuti\" \/>\n<script type=\"application\/ld+json\" class=\"yoast-schema-graph\">{\"@context\":\"https:\/\/schema.org\",\"@graph\":[{\"@type\":\"WebPage\",\"@id\":\"https:\/\/www.subcms.it\/nuovo_sito_subcms\/privacy\/\",\"url\":\"https:\/\/www.subcms.it\/nuovo_sito_subcms\/privacy\/\",\"name\":\"Privacy - Centro Monfalconese Sommozzatori (C.M.S)\",\"isPartOf\":{\"@id\":\"https:\/\/www.subcms.it\/nuovo_sito_subcms\/#website\"},\"datePublished\":\"2014-05-04T10:57:19+00:00\",\"dateModified\":\"2014-05-04T10:57:19+00:00\",\"breadcrumb\":{\"@id\":\"https:\/\/www.subcms.it\/nuovo_sito_subcms\/privacy\/#breadcrumb\"},\"inLanguage\":\"it-IT\",\"potentialAction\":[{\"@type\":\"ReadAction\",\"target\":[\"https:\/\/www.subcms.it\/nuovo_sito_subcms\/privacy\/\"]}]},{\"@type\":\"BreadcrumbList\",\"@id\":\"https:\/\/www.subcms.it\/nuovo_sito_subcms\/privacy\/#breadcrumb\",\"itemListElement\":[{\"@type\":\"ListItem\",\"position\":1,\"name\":\"Home\",\"item\":\"https:\/\/www.subcms.it\/nuovo_sito_subcms\/\"},{\"@type\":\"ListItem\",\"position\":2,\"name\":\"Privacy\"}]},{\"@type\":\"WebSite\",\"@id\":\"https:\/\/www.subcms.it\/nuovo_sito_subcms\/#website\",\"url\":\"https:\/\/www.subcms.it\/nuovo_sito_subcms\/\",\"name\":\"Centro Monfalconese Sommozzatori (C.M.S)\",\"description\":\"- Corsi subacquea, apnea e mono pinna\",\"potentialAction\":[{\"@type\":\"SearchAction\",\"target\":{\"@type\":\"EntryPoint\",\"urlTemplate\":\"https:\/\/www.subcms.it\/nuovo_sito_subcms\/?s={search_term_string}\"},\"query-input\":\"required name=search_term_string\"}],\"inLanguage\":\"it-IT\"}]}<\/script>\n<!-- \/ Yoast SEO plugin. -->","yoast_head_json":{"title":"Privacy - Centro Monfalconese Sommozzatori (C.M.S)","robots":{"index":"index","follow":"follow","max-snippet":"max-snippet:-1","max-image-preview":"max-image-preview:large","max-video-preview":"max-video-preview:-1"},"canonical":"https:\/\/www.subcms.it\/nuovo_sito_subcms\/privacy\/","og_locale":"it_IT","og_type":"article","og_title":"Privacy - Centro Monfalconese Sommozzatori (C.M.S)","og_description":"Privacy Policy di Centro Monfalconese Sommozzatori Questa Applicazione raccoglie alcuni Dati Personali dei propri Utenti. Titolare del Trattamento dei Dati Centro Monfalconese Sommozzatori, info@subcms.it Tipologie di Dati raccolti Fra i Dati Personali raccolti da questa Applicazione, in modo autonomo o tramite terze parti, ci sono: Cookie, Dati di utilizzo, Email, Nome, Cognome e Numero di Telefono. Altri Dati Personali raccolti potrebbero essere indicati in altre sezioni di questa privacy policy o mediante testi informativi visualizzati contestualmente alla raccolta dei Dati ...Di pi&ugrave; &raquo;","og_url":"https:\/\/www.subcms.it\/nuovo_sito_subcms\/privacy\/","og_site_name":"Centro Monfalconese Sommozzatori (C.M.S)","twitter_misc":{"Tempo di lettura stimato":"8 minuti"},"schema":{"@context":"https:\/\/schema.org","@graph":[{"@type":"WebPage","@id":"https:\/\/www.subcms.it\/nuovo_sito_subcms\/privacy\/","url":"https:\/\/www.subcms.it\/nuovo_sito_subcms\/privacy\/","name":"Privacy - Centro Monfalconese Sommozzatori (C.M.S)","isPartOf":{"@id":"https:\/\/www.subcms.it\/nuovo_sito_subcms\/#website"},"datePublished":"2014-05-04T10:57:19+00:00","dateModified":"2014-05-04T10:57:19+00:00","breadcrumb":{"@id":"https:\/\/www.subcms.it\/nuovo_sito_subcms\/privacy\/#breadcrumb"},"inLanguage":"it-IT","potentialAction":[{"@type":"ReadAction","target":["https:\/\/www.subcms.it\/nuovo_sito_subcms\/privacy\/"]}]},{"@type":"BreadcrumbList","@id":"https:\/\/www.subcms.it\/nuovo_sito_subcms\/privacy\/#breadcrumb","itemListElement":[{"@type":"ListItem","position":1,"name":"Home","item":"https:\/\/www.subcms.it\/nuovo_sito_subcms\/"},{"@type":"ListItem","position":2,"name":"Privacy"}]},{"@type":"WebSite","@id":"https:\/\/www.subcms.it\/nuovo_sito_subcms\/#website","url":"https:\/\/www.subcms.it\/nuovo_sito_subcms\/","name":"Centro Monfalconese Sommozzatori (C.M.S)","description":"- Corsi subacquea, apnea e mono pinna","potentialAction":[{"@type":"SearchAction","target":{"@type":"EntryPoint","urlTemplate":"https:\/\/www.subcms.it\/nuovo_sito_subcms\/?s={search_term_string}"},"query-input":"required name=search_term_string"}],"inLanguage":"it-IT"}]}},"jetpack_shortlink":"https:\/\/wp.me\/P4xsAT-fW","jetpack_sharing_enabled":true,"jetpack_likes_enabled":true,"jetpack-related-posts":[{"id":1634,"url":"https:\/\/www.subcms.it\/nuovo_sito_subcms\/cookie-policy\/","url_meta":{"origin":988,"position":0},"title":"Cookie Policy","date":"29 Maggio 2015","format":false,"excerpt":"Privacy Policy di www.subcms.it Questa Applicazione raccoglie alcuni Dati Personali dei propri Utenti. Titolare del Trattamento dei Dati Centro Monfalconese Sommozzatori, Via F.lli Zambon, 2 - 34079 Staranzano (GO - Italia), info@subcms.it Tipologie di Dati raccolti Fra i Dati Personali raccolti da questa Applicazione, in modo autonomo o tramite terze\u2026","rel":"","context":"Articolo simile","img":{"alt_text":"","src":"","width":0,"height":0},"classes":[]},{"id":10,"url":"https:\/\/www.subcms.it\/nuovo_sito_subcms\/","url_meta":{"origin":988,"position":1},"title":"Home","date":"13 Aprile 2014","format":false,"excerpt":"La nostra attivit\u00e0 principale \u00e8 quella didattica e si sviluppa attraverso dei corsi formativi. I Corsi, della durata di circa due mesi, permettono ai partecipanti di migliorare le proprie capacit\u00e0 acquatiche, per potersi immergere in sicurezza e tranquillit\u00e0. Alla fine del corso viene poi rilasciato un brevetto\u00a0riconosciuto a livello internazionale.\u2026","rel":"","context":"Articolo simile","img":{"alt_text":"","src":"","width":0,"height":0},"classes":[]},{"id":1974,"url":"https:\/\/www.subcms.it\/nuovo_sito_subcms\/orari-allenamento-piscina\/","url_meta":{"origin":988,"position":2},"title":"Orari allenamento piscina","date":"10 Febbraio 2016","format":false,"excerpt":"Il Centro Monfalconese Sommozzatori mette a disposizione dei soci due corsie per gli allenamenti a corpo libero, quindi nuoto o apnea dinamica\/statica. Non \u00e8 previsto l'uso delle bombole. Le giornate sono: Luned\u00ec dalle ore 20.00 alle 21.00 Gioved\u00ec dalle ore 20.00 alle 21.00 La Piscina Comunale di Monfalcone (GO), si\u2026","rel":"","context":"Articolo simile","img":{"alt_text":"","src":"","width":0,"height":0},"classes":[]},{"id":953,"url":"https:\/\/www.subcms.it\/nuovo_sito_subcms\/chi-siamo-2\/","url_meta":{"origin":988,"position":3},"title":"Chi siamo","date":"3 Maggio 2014","format":false,"excerpt":"Il Centro Monfalconese Sommozzatori (C.M.S.) \u00e8 un\u2019associazione no-profit fondata nel 1994 da un gruppo di appassionati subacquei con l\u2019intenzione di trasmettere e divulgare le proprie conoscenze nell\u2019ambito della didattica subacquea, proponendo corsi di apnea e di immersione con autorespiratore ad aria (bombole). La nostra attivit\u00e0 principale \u00e8 quella didattica e\u2026","rel":"","context":"Articolo simile","img":{"alt_text":"","src":"https:\/\/i0.wp.com\/www.subcms.it\/nuovo_sito_subcms\/wp-content\/uploads\/foto-cris-2006-048-300x225.jpg?resize=350%2C200","width":350,"height":200},"classes":[]},{"id":945,"url":"https:\/\/www.subcms.it\/nuovo_sito_subcms\/didattica-2\/","url_meta":{"origin":988,"position":4},"title":"Corsi FIPSAS","date":"3 Maggio 2014","format":false,"excerpt":"Il Centro Monfalconese Sommozzatori ha scelto di divulgare il proprio insegnamento e la pratica delle attivit\u00e0 subacquee secondo la didattica F.I.P.S.A.S. o Federazione Italiana Pesca Sportiva ed Attivit\u00e0 Subacquee. Come vi sar\u00e0 noto, nel mondo della subacquea esistono moltissime scuole di immersione, forse molto pi\u00f9 pubblicizzate della F.I.P.S.A.S., vuoi per\u2026","rel":"","context":"Articolo simile","img":{"alt_text":"","src":"","width":0,"height":0},"classes":[]},{"id":51,"url":"https:\/\/www.subcms.it\/nuovo_sito_subcms\/staff\/","url_meta":{"origin":988,"position":5},"title":"Staff","date":"16 Aprile 2014","format":false,"excerpt":"Il Direttivo del Centro Monfalconese Sommozzatori, come regolamentato dallo Statuto dell'Associazione, prevede diverse cariche, che fino al prossimo Maggio 2025\u00a0sono ricoperte dalle seguenti persone: Presidente: Caliari Marco Vice Presidente e segretario: Gerussi Fulvio\u00a0 Safeguarding: Roberto Pagliaro Tesoriere: Carozzo Michele Economo: Budicin Giovanni Consigliere: Torchiana Maurizio Di seguito elenchiamo tutti gli\u2026","rel":"","context":"Articolo simile","img":{"alt_text":"","src":"","width":0,"height":0},"classes":[]}],"_links":{"self":[{"href":"https:\/\/www.subcms.it\/nuovo_sito_subcms\/wp-json\/wp\/v2\/pages\/988"}],"collection":[{"href":"https:\/\/www.subcms.it\/nuovo_sito_subcms\/wp-json\/wp\/v2\/pages"}],"about":[{"href":"https:\/\/www.subcms.it\/nuovo_sito_subcms\/wp-json\/wp\/v2\/types\/page"}],"author":[{"embeddable":true,"href":"https:\/\/www.subcms.it\/nuovo_sito_subcms\/wp-json\/wp\/v2\/users\/1"}],"replies":[{"embeddable":true,"href":"https:\/\/www.subcms.it\/nuovo_sito_subcms\/wp-json\/wp\/v2\/comments?post=988"}],"version-history":[{"count":1,"href":"https:\/\/www.subcms.it\/nuovo_sito_subcms\/wp-json\/wp\/v2\/pages\/988\/revisions"}],"predecessor-version":[{"id":989,"href":"https:\/\/www.subcms.it\/nuovo_sito_subcms\/wp-json\/wp\/v2\/pages\/988\/revisions\/989"}],"wp:attachment":[{"href":"https:\/\/www.subcms.it\/nuovo_sito_subcms\/wp-json\/wp\/v2\/media?parent=988"}],"curies":[{"name":"wp","href":"https:\/\/api.w.org\/{rel}","templated":true}]}}