{"id":953,"date":"2014-05-03T16:24:07","date_gmt":"2014-05-03T14:24:07","guid":{"rendered":"http:\/\/www.subcms.it\/nuovo_sito_subcms\/?page_id=953"},"modified":"2014-05-07T13:56:09","modified_gmt":"2014-05-07T11:56:09","slug":"chi-siamo-2","status":"publish","type":"page","link":"https:\/\/www.subcms.it\/nuovo_sito_subcms\/chi-siamo-2\/","title":{"rendered":"Chi siamo"},"content":{"rendered":"<p>Il <em><strong>Centro Monfalconese Sommozzatori<\/strong><\/em> (C.M.S.) \u00e8 un\u2019associazione no-profit fondata nel 1994 da un <span class=\"text_exposed_show\">gruppo di appassionati subacquei con l\u2019intenzione di trasmettere e divulgare le proprie conoscenze nell\u2019ambito della <strong>didattica subacquea<\/strong>, proponendo corsi di apnea e di immersione con autorespiratore ad aria (bombole).<\/span><\/p>\n<p style=\"text-align: center;\"><img data-attachment-id=\"1011\" data-permalink=\"https:\/\/www.subcms.it\/nuovo_sito_subcms\/chi-siamo-2\/foto-cris-2006-048\/\" data-orig-file=\"https:\/\/i0.wp.com\/www.subcms.it\/nuovo_sito_subcms\/wp-content\/uploads\/foto-cris-2006-048.jpg?fit=2592%2C1944&amp;ssl=1\" data-orig-size=\"2592,1944\" data-comments-opened=\"1\" data-image-meta=\"{&quot;aperture&quot;:&quot;2.9&quot;,&quot;credit&quot;:&quot;&quot;,&quot;camera&quot;:&quot;E5600&quot;,&quot;caption&quot;:&quot;&quot;,&quot;created_timestamp&quot;:&quot;1150817579&quot;,&quot;copyright&quot;:&quot;&quot;,&quot;focal_length&quot;:&quot;5.7&quot;,&quot;iso&quot;:&quot;50&quot;,&quot;shutter_speed&quot;:&quot;0.0237529691211&quot;,&quot;title&quot;:&quot;&quot;}\" data-image-title=\"foto cris 2006 048\" data-image-description=\"\" data-image-caption=\"\" data-medium-file=\"https:\/\/i0.wp.com\/www.subcms.it\/nuovo_sito_subcms\/wp-content\/uploads\/foto-cris-2006-048.jpg?fit=300%2C225&amp;ssl=1\" data-large-file=\"https:\/\/i0.wp.com\/www.subcms.it\/nuovo_sito_subcms\/wp-content\/uploads\/foto-cris-2006-048.jpg?fit=969%2C727&amp;ssl=1\" decoding=\"async\" loading=\"lazy\" class=\"aligncenter size-medium wp-image-1011\" src=\"https:\/\/i0.wp.com\/www.subcms.it\/nuovo_sito_subcms\/wp-content\/uploads\/foto-cris-2006-048-300x225.jpg?resize=300%2C225\" alt=\"foto cris 2006 048\" width=\"300\" height=\"225\" srcset=\"https:\/\/i0.wp.com\/www.subcms.it\/nuovo_sito_subcms\/wp-content\/uploads\/foto-cris-2006-048.jpg?resize=300%2C225&amp;ssl=1 300w, https:\/\/i0.wp.com\/www.subcms.it\/nuovo_sito_subcms\/wp-content\/uploads\/foto-cris-2006-048.jpg?resize=1024%2C768&amp;ssl=1 1024w, https:\/\/i0.wp.com\/www.subcms.it\/nuovo_sito_subcms\/wp-content\/uploads\/foto-cris-2006-048.jpg?w=1938&amp;ssl=1 1938w\" sizes=\"(max-width: 300px) 100vw, 300px\" data-recalc-dims=\"1\" \/><\/p>\n<p>La nostra attivit\u00e0 principale \u00e8 quella didattica e si sviluppa attraverso dei corsi formativi. <strong>I Corsi, della durata di circa due mesi<\/strong>, permettono ai partecipanti di migliorare le proprie capacit\u00e0 acquatiche, per potersi immergere in sicurezza e tranquillit\u00e0. Alla fine del corso viene poi <strong>rilasciato un brevetto riconosciuto a livello internazionale<\/strong>; infatti il C.M.S. \u00e8 una associazione appartenente alla <strong>F.I.P.S.A.S. (Federazione Italiana Pesca Sportiva ed Attivit\u00e0 Subacquee)<\/strong>, membro del <strong>C.O.N.I. (Comitato Olimpico Nazionale Italiano)<\/strong> e della <strong>C.M.A.S. (Confederazione Mondiale delle Attivit\u00e0 Subacquee)<\/strong>, una delle pi\u00f9 importanti organizzazioni internazionali nel campo della subacquea.<\/p>\n<p style=\"text-align: center;\"><img data-attachment-id=\"1012\" data-permalink=\"https:\/\/www.subcms.it\/nuovo_sito_subcms\/chi-siamo-2\/foto-cris-2006-128\/\" data-orig-file=\"https:\/\/i0.wp.com\/www.subcms.it\/nuovo_sito_subcms\/wp-content\/uploads\/foto-cris-2006-128.jpg?fit=2592%2C1944&amp;ssl=1\" data-orig-size=\"2592,1944\" data-comments-opened=\"1\" data-image-meta=\"{&quot;aperture&quot;:&quot;4.9&quot;,&quot;credit&quot;:&quot;&quot;,&quot;camera&quot;:&quot;E5600&quot;,&quot;caption&quot;:&quot;&quot;,&quot;created_timestamp&quot;:&quot;1150968814&quot;,&quot;copyright&quot;:&quot;&quot;,&quot;focal_length&quot;:&quot;5.7&quot;,&quot;iso&quot;:&quot;50&quot;,&quot;shutter_speed&quot;:&quot;0.0199600798403&quot;,&quot;title&quot;:&quot;&quot;}\" data-image-title=\"foto cris 2006 128\" data-image-description=\"\" data-image-caption=\"\" data-medium-file=\"https:\/\/i0.wp.com\/www.subcms.it\/nuovo_sito_subcms\/wp-content\/uploads\/foto-cris-2006-128.jpg?fit=300%2C225&amp;ssl=1\" data-large-file=\"https:\/\/i0.wp.com\/www.subcms.it\/nuovo_sito_subcms\/wp-content\/uploads\/foto-cris-2006-128.jpg?fit=969%2C727&amp;ssl=1\" decoding=\"async\" loading=\"lazy\" class=\"aligncenter size-medium wp-image-1012\" src=\"https:\/\/i0.wp.com\/www.subcms.it\/nuovo_sito_subcms\/wp-content\/uploads\/foto-cris-2006-128-300x225.jpg?resize=300%2C225\" alt=\"foto cris 2006 128\" width=\"300\" height=\"225\" srcset=\"https:\/\/i0.wp.com\/www.subcms.it\/nuovo_sito_subcms\/wp-content\/uploads\/foto-cris-2006-128.jpg?resize=300%2C225&amp;ssl=1 300w, https:\/\/i0.wp.com\/www.subcms.it\/nuovo_sito_subcms\/wp-content\/uploads\/foto-cris-2006-128.jpg?resize=1024%2C768&amp;ssl=1 1024w, https:\/\/i0.wp.com\/www.subcms.it\/nuovo_sito_subcms\/wp-content\/uploads\/foto-cris-2006-128.jpg?w=1938&amp;ssl=1 1938w\" sizes=\"(max-width: 300px) 100vw, 300px\" data-recalc-dims=\"1\" \/><\/p>\n<p>Diventare Allievo del C.M.S. significa farsi Socio dell\u2019associazione e quindi condividere la propria passione per l\u2019ambiente acquatico assieme ad altre persone, partecipando alle varie iniziative, quali escursioni subacquee, immersioni in apnea \u2026 oppure eventi, come proiezioni di filmati, presentazione di personaggi illustri di questo mondo, ecc.<\/p>\n","protected":false},"excerpt":{"rendered":"<p>Il Centro Monfalconese Sommozzatori (C.M.S.) \u00e8 un\u2019associazione no-profit fondata nel 1994 da un gruppo di appassionati subacquei con l\u2019intenzione di trasmettere e divulgare le proprie conoscenze nell\u2019ambito della didattica subacquea, proponendo corsi di apnea e di immersione con autorespiratore ad aria (bombole). La nostra attivit\u00e0 principale \u00e8 quella didattica e si sviluppa attraverso dei corsi formativi. I Corsi, della durata di circa due mesi, permettono ai partecipanti di migliorare le proprie capacit\u00e0 acquatiche, per potersi immergere in sicurezza e tranquillit\u00e0. &#8230;<\/p>\n<p><a href=\"https:\/\/www.subcms.it\/nuovo_sito_subcms\/chi-siamo-2\/\">Di pi&ugrave; &raquo;<\/a><\/p>\n","protected":false},"author":1,"featured_media":0,"parent":0,"menu_order":0,"comment_status":"open","ping_status":"open","template":"","meta":{"_s2mail":"yes","ngg_post_thumbnail":0,"jetpack_post_was_ever_published":false},"acf":[],"yoast_head":"<!-- This site is optimized with the Yoast SEO plugin v20.7 - https:\/\/yoast.com\/wordpress\/plugins\/seo\/ -->\n<title>Chi siamo - Centro Monfalconese Sommozzatori (C.M.S)<\/title>\n<meta name=\"robots\" content=\"index, follow, max-snippet:-1, max-image-preview:large, max-video-preview:-1\" \/>\n<link rel=\"canonical\" href=\"https:\/\/www.subcms.it\/nuovo_sito_subcms\/chi-siamo-2\/\" \/>\n<meta property=\"og:locale\" content=\"it_IT\" \/>\n<meta property=\"og:type\" content=\"article\" \/>\n<meta property=\"og:title\" content=\"Chi siamo - Centro Monfalconese Sommozzatori (C.M.S)\" \/>\n<meta property=\"og:description\" content=\"Il Centro Monfalconese Sommozzatori (C.M.S.) \u00e8 un\u2019associazione no-profit fondata nel 1994 da un gruppo di appassionati subacquei con l\u2019intenzione di trasmettere e divulgare le proprie conoscenze nell\u2019ambito della didattica subacquea, proponendo corsi di apnea e di immersione con autorespiratore ad aria (bombole). La nostra attivit\u00e0 principale \u00e8 quella didattica e si sviluppa attraverso dei corsi formativi. I Corsi, della durata di circa due mesi, permettono ai partecipanti di migliorare le proprie capacit\u00e0 acquatiche, per potersi immergere in sicurezza e tranquillit\u00e0. ...Di pi&ugrave; &raquo;\" \/>\n<meta property=\"og:url\" content=\"https:\/\/www.subcms.it\/nuovo_sito_subcms\/chi-siamo-2\/\" \/>\n<meta property=\"og:site_name\" content=\"Centro Monfalconese Sommozzatori (C.M.S)\" \/>\n<meta property=\"article:modified_time\" content=\"2014-05-07T11:56:09+00:00\" \/>\n<meta property=\"og:image\" content=\"http:\/\/www.subcms.it\/nuovo_sito_subcms\/wp-content\/uploads\/foto-cris-2006-048-300x225.jpg\" \/>\n<meta name=\"twitter:label1\" content=\"Tempo di lettura stimato\" \/>\n\t<meta name=\"twitter:data1\" content=\"1 minuto\" \/>\n<script type=\"application\/ld+json\" class=\"yoast-schema-graph\">{\"@context\":\"https:\/\/schema.org\",\"@graph\":[{\"@type\":\"WebPage\",\"@id\":\"https:\/\/www.subcms.it\/nuovo_sito_subcms\/chi-siamo-2\/\",\"url\":\"https:\/\/www.subcms.it\/nuovo_sito_subcms\/chi-siamo-2\/\",\"name\":\"Chi siamo - Centro Monfalconese Sommozzatori (C.M.S)\",\"isPartOf\":{\"@id\":\"https:\/\/www.subcms.it\/nuovo_sito_subcms\/#website\"},\"datePublished\":\"2014-05-03T14:24:07+00:00\",\"dateModified\":\"2014-05-07T11:56:09+00:00\",\"breadcrumb\":{\"@id\":\"https:\/\/www.subcms.it\/nuovo_sito_subcms\/chi-siamo-2\/#breadcrumb\"},\"inLanguage\":\"it-IT\",\"potentialAction\":[{\"@type\":\"ReadAction\",\"target\":[\"https:\/\/www.subcms.it\/nuovo_sito_subcms\/chi-siamo-2\/\"]}]},{\"@type\":\"BreadcrumbList\",\"@id\":\"https:\/\/www.subcms.it\/nuovo_sito_subcms\/chi-siamo-2\/#breadcrumb\",\"itemListElement\":[{\"@type\":\"ListItem\",\"position\":1,\"name\":\"Home\",\"item\":\"https:\/\/www.subcms.it\/nuovo_sito_subcms\/\"},{\"@type\":\"ListItem\",\"position\":2,\"name\":\"Chi siamo\"}]},{\"@type\":\"WebSite\",\"@id\":\"https:\/\/www.subcms.it\/nuovo_sito_subcms\/#website\",\"url\":\"https:\/\/www.subcms.it\/nuovo_sito_subcms\/\",\"name\":\"Centro Monfalconese Sommozzatori (C.M.S)\",\"description\":\"- Corsi subacquea, apnea e mono pinna\",\"potentialAction\":[{\"@type\":\"SearchAction\",\"target\":{\"@type\":\"EntryPoint\",\"urlTemplate\":\"https:\/\/www.subcms.it\/nuovo_sito_subcms\/?s={search_term_string}\"},\"query-input\":\"required name=search_term_string\"}],\"inLanguage\":\"it-IT\"}]}<\/script>\n<!-- \/ Yoast SEO plugin. -->","yoast_head_json":{"title":"Chi siamo - Centro Monfalconese Sommozzatori (C.M.S)","robots":{"index":"index","follow":"follow","max-snippet":"max-snippet:-1","max-image-preview":"max-image-preview:large","max-video-preview":"max-video-preview:-1"},"canonical":"https:\/\/www.subcms.it\/nuovo_sito_subcms\/chi-siamo-2\/","og_locale":"it_IT","og_type":"article","og_title":"Chi siamo - Centro Monfalconese Sommozzatori (C.M.S)","og_description":"Il Centro Monfalconese Sommozzatori (C.M.S.) \u00e8 un\u2019associazione no-profit fondata nel 1994 da un gruppo di appassionati subacquei con l\u2019intenzione di trasmettere e divulgare le proprie conoscenze nell\u2019ambito della didattica subacquea, proponendo corsi di apnea e di immersione con autorespiratore ad aria (bombole). La nostra attivit\u00e0 principale \u00e8 quella didattica e si sviluppa attraverso dei corsi formativi. I Corsi, della durata di circa due mesi, permettono ai partecipanti di migliorare le proprie capacit\u00e0 acquatiche, per potersi immergere in sicurezza e tranquillit\u00e0. ...Di pi&ugrave; &raquo;","og_url":"https:\/\/www.subcms.it\/nuovo_sito_subcms\/chi-siamo-2\/","og_site_name":"Centro Monfalconese Sommozzatori (C.M.S)","article_modified_time":"2014-05-07T11:56:09+00:00","og_image":[{"url":"http:\/\/www.subcms.it\/nuovo_sito_subcms\/wp-content\/uploads\/foto-cris-2006-048-300x225.jpg"}],"twitter_misc":{"Tempo di lettura stimato":"1 minuto"},"schema":{"@context":"https:\/\/schema.org","@graph":[{"@type":"WebPage","@id":"https:\/\/www.subcms.it\/nuovo_sito_subcms\/chi-siamo-2\/","url":"https:\/\/www.subcms.it\/nuovo_sito_subcms\/chi-siamo-2\/","name":"Chi siamo - Centro Monfalconese Sommozzatori (C.M.S)","isPartOf":{"@id":"https:\/\/www.subcms.it\/nuovo_sito_subcms\/#website"},"datePublished":"2014-05-03T14:24:07+00:00","dateModified":"2014-05-07T11:56:09+00:00","breadcrumb":{"@id":"https:\/\/www.subcms.it\/nuovo_sito_subcms\/chi-siamo-2\/#breadcrumb"},"inLanguage":"it-IT","potentialAction":[{"@type":"ReadAction","target":["https:\/\/www.subcms.it\/nuovo_sito_subcms\/chi-siamo-2\/"]}]},{"@type":"BreadcrumbList","@id":"https:\/\/www.subcms.it\/nuovo_sito_subcms\/chi-siamo-2\/#breadcrumb","itemListElement":[{"@type":"ListItem","position":1,"name":"Home","item":"https:\/\/www.subcms.it\/nuovo_sito_subcms\/"},{"@type":"ListItem","position":2,"name":"Chi siamo"}]},{"@type":"WebSite","@id":"https:\/\/www.subcms.it\/nuovo_sito_subcms\/#website","url":"https:\/\/www.subcms.it\/nuovo_sito_subcms\/","name":"Centro Monfalconese Sommozzatori (C.M.S)","description":"- Corsi subacquea, apnea e mono pinna","potentialAction":[{"@type":"SearchAction","target":{"@type":"EntryPoint","urlTemplate":"https:\/\/www.subcms.it\/nuovo_sito_subcms\/?s={search_term_string}"},"query-input":"required name=search_term_string"}],"inLanguage":"it-IT"}]}},"jetpack_shortlink":"https:\/\/wp.me\/P4xsAT-fn","jetpack_sharing_enabled":true,"jetpack_likes_enabled":true,"jetpack-related-posts":[{"id":10,"url":"https:\/\/www.subcms.it\/nuovo_sito_subcms\/","url_meta":{"origin":953,"position":0},"title":"Home","date":"13 Aprile 2014","format":false,"excerpt":"La nostra attivit\u00e0 principale \u00e8 quella didattica e si sviluppa attraverso dei corsi formativi. I Corsi, della durata di circa due mesi, permettono ai partecipanti di migliorare le proprie capacit\u00e0 acquatiche, per potersi immergere in sicurezza e tranquillit\u00e0. Alla fine del corso viene poi rilasciato un brevetto\u00a0riconosciuto a livello internazionale.\u2026","rel":"","context":"Articolo simile","img":{"alt_text":"","src":"","width":0,"height":0},"classes":[]},{"id":1042,"url":"https:\/\/www.subcms.it\/nuovo_sito_subcms\/didattica-per-lapnea\/","url_meta":{"origin":953,"position":1},"title":"I percorsi didattici per l&#8217;apnea","date":"11 Maggio 2014","format":false,"excerpt":"Nell'ambito della Federazione esistono diversi percorsi didattici sia in apnea che con l'auto-respiratore, pertanto vi rimandiamo al sito della F.I.P.S.A.S. per visionare l'elenco completo dei corsi e la relativa documentazione. Di seguito riportiamo i principali brevetti conseguibili ed alcune specializzazioni: In apnea Turistico Apnea Apneaista 1\u00b0 grado (fino a -8\u2026","rel":"","context":"Articolo simile","img":{"alt_text":"","src":"https:\/\/i0.wp.com\/www.subcms.it\/nuovo_sito_subcms\/wp-content\/uploads\/Apnea-225x300.jpg?resize=350%2C200","width":350,"height":200},"classes":[]},{"id":945,"url":"https:\/\/www.subcms.it\/nuovo_sito_subcms\/didattica-2\/","url_meta":{"origin":953,"position":2},"title":"Corsi FIPSAS","date":"3 Maggio 2014","format":false,"excerpt":"Il Centro Monfalconese Sommozzatori ha scelto di divulgare il proprio insegnamento e la pratica delle attivit\u00e0 subacquee secondo la didattica F.I.P.S.A.S. o Federazione Italiana Pesca Sportiva ed Attivit\u00e0 Subacquee. Come vi sar\u00e0 noto, nel mondo della subacquea esistono moltissime scuole di immersione, forse molto pi\u00f9 pubblicizzate della F.I.P.S.A.S., vuoi per\u2026","rel":"","context":"Articolo simile","img":{"alt_text":"","src":"","width":0,"height":0},"classes":[]},{"id":1023,"url":"https:\/\/www.subcms.it\/nuovo_sito_subcms\/corsi-cms\/","url_meta":{"origin":953,"position":3},"title":"Corsi CMS","date":"9 Maggio 2014","format":false,"excerpt":"Per i nostri corsi disponiamo di un'aula didattica (in Via Colleoni, 3 - 34074 Monfalcone GO) dove vengono svolte le lezioni di teoria. Questa sala viene usata anche per le assemblee aperte a tutti i soci. Le lezioni in bacino delimitato vengono effettuate presso la\u00a0Piscina Comunale di Monfalcone (GO), in\u2026","rel":"","context":"Articolo simile","img":{"alt_text":"","src":"https:\/\/i0.wp.com\/www.subcms.it\/nuovo_sito_subcms\/wp-content\/uploads\/DSCN1489_LQ-300x219.jpg?resize=350%2C200","width":350,"height":200},"classes":[]},{"id":1053,"url":"https:\/\/www.subcms.it\/nuovo_sito_subcms\/didattica-per-specializzazioni\/","url_meta":{"origin":953,"position":4},"title":"Le specializzazioni per la subacquea","date":"11 Maggio 2014","format":false,"excerpt":"Nell\u2019ambito della Federazione esistono diversi percorsi didattici sia in apnea che con l\u2019auto-respiratore, pertanto vi rimandiamo al sito della F.I.P.S.A.S. per visionare l\u2019elenco completo dei corsi e la relativa documentazione. Di seguito riportiamo i principali brevetti conseguibili ed alcune specializzazioni: Ulteriori specializzazioni Notturna Relitti e secche Salvamento ed autosalvamento Corrente,\u2026","rel":"","context":"Articolo simile","img":{"alt_text":"","src":"https:\/\/i0.wp.com\/www.subcms.it\/nuovo_sito_subcms\/wp-content\/uploads\/Relitti-300x225.jpg?resize=350%2C200","width":350,"height":200},"classes":[]},{"id":1048,"url":"https:\/\/www.subcms.it\/nuovo_sito_subcms\/didattica-per-subacquea\/","url_meta":{"origin":953,"position":5},"title":"I percorsi didattici per la subacquea","date":"11 Maggio 2014","format":false,"excerpt":"Nell\u2019ambito della Federazione esistono diversi percorsi didattici sia in apnea che con l\u2019auto-respiratore, pertanto vi rimandiamo al sito della F.I.P.S.A.S. per visionare l\u2019elenco completo dei corsi e la relativa documentazione. Di seguito riportiamo i principali brevetti conseguibili ed alcune specializzazioni: Con l'autorespiratore ad aria Sommozzatore 1\u00b0 grado (fino a -18\u2026","rel":"","context":"Articolo simile","img":{"alt_text":"","src":"https:\/\/i0.wp.com\/www.subcms.it\/nuovo_sito_subcms\/wp-content\/uploads\/Small-Habili0055_edited-300x200.jpg?resize=350%2C200","width":350,"height":200},"classes":[]}],"_links":{"self":[{"href":"https:\/\/www.subcms.it\/nuovo_sito_subcms\/wp-json\/wp\/v2\/pages\/953"}],"collection":[{"href":"https:\/\/www.subcms.it\/nuovo_sito_subcms\/wp-json\/wp\/v2\/pages"}],"about":[{"href":"https:\/\/www.subcms.it\/nuovo_sito_subcms\/wp-json\/wp\/v2\/types\/page"}],"author":[{"embeddable":true,"href":"https:\/\/www.subcms.it\/nuovo_sito_subcms\/wp-json\/wp\/v2\/users\/1"}],"replies":[{"embeddable":true,"href":"https:\/\/www.subcms.it\/nuovo_sito_subcms\/wp-json\/wp\/v2\/comments?post=953"}],"version-history":[{"count":2,"href":"https:\/\/www.subcms.it\/nuovo_sito_subcms\/wp-json\/wp\/v2\/pages\/953\/revisions"}],"predecessor-version":[{"id":1014,"href":"https:\/\/www.subcms.it\/nuovo_sito_subcms\/wp-json\/wp\/v2\/pages\/953\/revisions\/1014"}],"wp:attachment":[{"href":"https:\/\/www.subcms.it\/nuovo_sito_subcms\/wp-json\/wp\/v2\/media?parent=953"}],"curies":[{"name":"wp","href":"https:\/\/api.w.org\/{rel}","templated":true}]}}