{"id":945,"date":"2014-05-03T15:49:55","date_gmt":"2014-05-03T13:49:55","guid":{"rendered":"http:\/\/www.subcms.it\/nuovo_sito_subcms\/?page_id=945"},"modified":"2018-03-14T13:43:55","modified_gmt":"2018-03-14T12:43:55","slug":"didattica-2","status":"publish","type":"page","link":"https:\/\/www.subcms.it\/nuovo_sito_subcms\/didattica-2\/","title":{"rendered":"Corsi FIPSAS"},"content":{"rendered":"<p><img data-attachment-id=\"1032\" data-permalink=\"https:\/\/www.subcms.it\/nuovo_sito_subcms\/didattica-2\/logo_fipsas\/\" data-orig-file=\"https:\/\/i0.wp.com\/www.subcms.it\/nuovo_sito_subcms\/wp-content\/uploads\/Logo_fipsas.png?fit=135%2C140&amp;ssl=1\" data-orig-size=\"135,140\" data-comments-opened=\"1\" data-image-meta=\"{&quot;aperture&quot;:&quot;0&quot;,&quot;credit&quot;:&quot;&quot;,&quot;camera&quot;:&quot;&quot;,&quot;caption&quot;:&quot;&quot;,&quot;created_timestamp&quot;:&quot;0&quot;,&quot;copyright&quot;:&quot;&quot;,&quot;focal_length&quot;:&quot;0&quot;,&quot;iso&quot;:&quot;0&quot;,&quot;shutter_speed&quot;:&quot;0&quot;,&quot;title&quot;:&quot;&quot;}\" data-image-title=\"Logo_fipsas\" data-image-description=\"\" data-image-caption=\"\" data-medium-file=\"https:\/\/i0.wp.com\/www.subcms.it\/nuovo_sito_subcms\/wp-content\/uploads\/Logo_fipsas.png?fit=135%2C140&amp;ssl=1\" data-large-file=\"https:\/\/i0.wp.com\/www.subcms.it\/nuovo_sito_subcms\/wp-content\/uploads\/Logo_fipsas.png?fit=135%2C140&amp;ssl=1\" decoding=\"async\" loading=\"lazy\" class=\"size-full wp-image-1032 alignleft\" src=\"https:\/\/i0.wp.com\/www.subcms.it\/nuovo_sito_subcms\/wp-content\/uploads\/Logo_fipsas.png?resize=135%2C140\" alt=\"Logo_fipsas\" width=\"135\" height=\"140\"  data-recalc-dims=\"1\">Il <strong>Centro Monfalconese Sommozzatori<\/strong> ha scelto di divulgare il proprio insegnamento e la pratica delle attivit\u00e0 subacquee secondo la <strong>didattica <a href=\"http:\/\/www.fipsas.it\/didattica\" target=\"_blank\" rel=\"noopener\">F.I.P.S.A.S.<\/a> o Federazione Italiana Pesca Sportiva ed Attivit\u00e0 Subacquee.<\/strong><\/p>\n<p>Come vi sar\u00e0 noto, nel mondo della subacquea esistono moltissime scuole di immersione, forse molto pi\u00f9 pubblicizzate della <a href=\"http:\/\/www.fipsas.it\/didattica\" target=\"_blank\" rel=\"noopener\">F.I.P.S.A.S.<\/a>, vuoi per la loro presenza all&#8217;interno di strutture settoriali come i villaggi turistici, i diving, ecc. vuoi per la loro diffusione al di fuori del nostro paese.<\/p>\n<p>Ci\u00f2 nonostante, la didattica federale non \u00e8 seconda a nessuno; infatti non ha a che fare con compressi tipici di un&#8217;attivit\u00e0 commerciale, ma vanta standard di insegnamento qualitativamente elevati, diffusi con passione e dedizione da Istruttori preparati ed in continuo aggiornamento.<\/p>\n<p><strong>Perch\u00e8 la F.I.P.S.A.S.?<\/strong><\/p>\n<p>La scelta di professare questo tipo di didattica nasce dalla convinzione che l&#8217;allievo, durante il suo percorso educativo, riceve una formazione approfondita, distribuita in un lasco di tempo idoneo per un corretto apprendimento, che gli permetter\u00e0 di andare sott&#8217;acqua in massima sicurezza e nella consapevolezza di affacciarsi da ospite in un mondo affascinante.<\/p>\n<p>Se sei interessato al percorso didattico AR (autorespiratore) contatta <a href=\"mailto:sommozzatori@subcms.it\">sommozzatori@subcms.it<\/a><\/p>\n<p>Se sei interessato al percorso didattico dell&#8217;apnea contatta <a href=\"mailto:apnea@subcms.it\">apnea@subcms.it<\/a><\/p>\n<p>Per altre informazioni <a href=\"mailto:info@subcms.it\">info@subcms.it<\/a><\/p>\n","protected":false},"excerpt":{"rendered":"<p>Il Centro Monfalconese Sommozzatori ha scelto di divulgare il proprio insegnamento e la pratica delle attivit\u00e0 subacquee secondo la didattica F.I.P.S.A.S. o Federazione Italiana Pesca Sportiva ed Attivit\u00e0 Subacquee. Come vi sar\u00e0 noto, nel mondo della subacquea esistono moltissime scuole di immersione, forse molto pi\u00f9 pubblicizzate della F.I.P.S.A.S., vuoi per la loro presenza all&#8217;interno di strutture settoriali come i villaggi turistici, i diving, ecc. vuoi per la loro diffusione al di fuori del nostro paese. Ci\u00f2 nonostante, la didattica federale &#8230;<\/p>\n<p><a href=\"https:\/\/www.subcms.it\/nuovo_sito_subcms\/didattica-2\/\">Di pi&ugrave; &raquo;<\/a><\/p>\n","protected":false},"author":1,"featured_media":0,"parent":0,"menu_order":0,"comment_status":"open","ping_status":"open","template":"","meta":{"_s2mail":"yes","ngg_post_thumbnail":0,"jetpack_post_was_ever_published":false},"acf":[],"yoast_head":"<!-- This site is optimized with the Yoast SEO plugin v20.7 - https:\/\/yoast.com\/wordpress\/plugins\/seo\/ -->\n<title>Corsi FIPSAS - Centro Monfalconese Sommozzatori (C.M.S)<\/title>\n<meta name=\"robots\" content=\"index, follow, max-snippet:-1, max-image-preview:large, max-video-preview:-1\" \/>\n<link rel=\"canonical\" href=\"https:\/\/www.subcms.it\/nuovo_sito_subcms\/didattica-2\/\" \/>\n<meta property=\"og:locale\" content=\"it_IT\" \/>\n<meta property=\"og:type\" content=\"article\" \/>\n<meta property=\"og:title\" content=\"Corsi FIPSAS - Centro Monfalconese Sommozzatori (C.M.S)\" \/>\n<meta property=\"og:description\" content=\"Il Centro Monfalconese Sommozzatori ha scelto di divulgare il proprio insegnamento e la pratica delle attivit\u00e0 subacquee secondo la didattica F.I.P.S.A.S. o Federazione Italiana Pesca Sportiva ed Attivit\u00e0 Subacquee. Come vi sar\u00e0 noto, nel mondo della subacquea esistono moltissime scuole di immersione, forse molto pi\u00f9 pubblicizzate della F.I.P.S.A.S., vuoi per la loro presenza all&#8217;interno di strutture settoriali come i villaggi turistici, i diving, ecc. vuoi per la loro diffusione al di fuori del nostro paese. Ci\u00f2 nonostante, la didattica federale ...Di pi&ugrave; &raquo;\" \/>\n<meta property=\"og:url\" content=\"https:\/\/www.subcms.it\/nuovo_sito_subcms\/didattica-2\/\" \/>\n<meta property=\"og:site_name\" content=\"Centro Monfalconese Sommozzatori (C.M.S)\" \/>\n<meta property=\"article:modified_time\" content=\"2018-03-14T12:43:55+00:00\" \/>\n<meta property=\"og:image\" content=\"http:\/\/www.subcms.it\/nuovo_sito_subcms\/wp-content\/uploads\/Logo_fipsas.png\" \/>\n<meta name=\"twitter:label1\" content=\"Tempo di lettura stimato\" \/>\n\t<meta name=\"twitter:data1\" content=\"1 minuto\" \/>\n<script type=\"application\/ld+json\" class=\"yoast-schema-graph\">{\"@context\":\"https:\/\/schema.org\",\"@graph\":[{\"@type\":\"WebPage\",\"@id\":\"https:\/\/www.subcms.it\/nuovo_sito_subcms\/didattica-2\/\",\"url\":\"https:\/\/www.subcms.it\/nuovo_sito_subcms\/didattica-2\/\",\"name\":\"Corsi FIPSAS - Centro Monfalconese Sommozzatori (C.M.S)\",\"isPartOf\":{\"@id\":\"https:\/\/www.subcms.it\/nuovo_sito_subcms\/#website\"},\"datePublished\":\"2014-05-03T13:49:55+00:00\",\"dateModified\":\"2018-03-14T12:43:55+00:00\",\"breadcrumb\":{\"@id\":\"https:\/\/www.subcms.it\/nuovo_sito_subcms\/didattica-2\/#breadcrumb\"},\"inLanguage\":\"it-IT\",\"potentialAction\":[{\"@type\":\"ReadAction\",\"target\":[\"https:\/\/www.subcms.it\/nuovo_sito_subcms\/didattica-2\/\"]}]},{\"@type\":\"BreadcrumbList\",\"@id\":\"https:\/\/www.subcms.it\/nuovo_sito_subcms\/didattica-2\/#breadcrumb\",\"itemListElement\":[{\"@type\":\"ListItem\",\"position\":1,\"name\":\"Home\",\"item\":\"https:\/\/www.subcms.it\/nuovo_sito_subcms\/\"},{\"@type\":\"ListItem\",\"position\":2,\"name\":\"Corsi FIPSAS\"}]},{\"@type\":\"WebSite\",\"@id\":\"https:\/\/www.subcms.it\/nuovo_sito_subcms\/#website\",\"url\":\"https:\/\/www.subcms.it\/nuovo_sito_subcms\/\",\"name\":\"Centro Monfalconese Sommozzatori (C.M.S)\",\"description\":\"- Corsi subacquea, apnea e mono pinna\",\"potentialAction\":[{\"@type\":\"SearchAction\",\"target\":{\"@type\":\"EntryPoint\",\"urlTemplate\":\"https:\/\/www.subcms.it\/nuovo_sito_subcms\/?s={search_term_string}\"},\"query-input\":\"required name=search_term_string\"}],\"inLanguage\":\"it-IT\"}]}<\/script>\n<!-- \/ Yoast SEO plugin. -->","yoast_head_json":{"title":"Corsi FIPSAS - Centro Monfalconese Sommozzatori (C.M.S)","robots":{"index":"index","follow":"follow","max-snippet":"max-snippet:-1","max-image-preview":"max-image-preview:large","max-video-preview":"max-video-preview:-1"},"canonical":"https:\/\/www.subcms.it\/nuovo_sito_subcms\/didattica-2\/","og_locale":"it_IT","og_type":"article","og_title":"Corsi FIPSAS - Centro Monfalconese Sommozzatori (C.M.S)","og_description":"Il Centro Monfalconese Sommozzatori ha scelto di divulgare il proprio insegnamento e la pratica delle attivit\u00e0 subacquee secondo la didattica F.I.P.S.A.S. o Federazione Italiana Pesca Sportiva ed Attivit\u00e0 Subacquee. Come vi sar\u00e0 noto, nel mondo della subacquea esistono moltissime scuole di immersione, forse molto pi\u00f9 pubblicizzate della F.I.P.S.A.S., vuoi per la loro presenza all&#8217;interno di strutture settoriali come i villaggi turistici, i diving, ecc. vuoi per la loro diffusione al di fuori del nostro paese. Ci\u00f2 nonostante, la didattica federale ...Di pi&ugrave; &raquo;","og_url":"https:\/\/www.subcms.it\/nuovo_sito_subcms\/didattica-2\/","og_site_name":"Centro Monfalconese Sommozzatori (C.M.S)","article_modified_time":"2018-03-14T12:43:55+00:00","og_image":[{"url":"http:\/\/www.subcms.it\/nuovo_sito_subcms\/wp-content\/uploads\/Logo_fipsas.png"}],"twitter_misc":{"Tempo di lettura stimato":"1 minuto"},"schema":{"@context":"https:\/\/schema.org","@graph":[{"@type":"WebPage","@id":"https:\/\/www.subcms.it\/nuovo_sito_subcms\/didattica-2\/","url":"https:\/\/www.subcms.it\/nuovo_sito_subcms\/didattica-2\/","name":"Corsi FIPSAS - Centro Monfalconese Sommozzatori (C.M.S)","isPartOf":{"@id":"https:\/\/www.subcms.it\/nuovo_sito_subcms\/#website"},"datePublished":"2014-05-03T13:49:55+00:00","dateModified":"2018-03-14T12:43:55+00:00","breadcrumb":{"@id":"https:\/\/www.subcms.it\/nuovo_sito_subcms\/didattica-2\/#breadcrumb"},"inLanguage":"it-IT","potentialAction":[{"@type":"ReadAction","target":["https:\/\/www.subcms.it\/nuovo_sito_subcms\/didattica-2\/"]}]},{"@type":"BreadcrumbList","@id":"https:\/\/www.subcms.it\/nuovo_sito_subcms\/didattica-2\/#breadcrumb","itemListElement":[{"@type":"ListItem","position":1,"name":"Home","item":"https:\/\/www.subcms.it\/nuovo_sito_subcms\/"},{"@type":"ListItem","position":2,"name":"Corsi FIPSAS"}]},{"@type":"WebSite","@id":"https:\/\/www.subcms.it\/nuovo_sito_subcms\/#website","url":"https:\/\/www.subcms.it\/nuovo_sito_subcms\/","name":"Centro Monfalconese Sommozzatori (C.M.S)","description":"- Corsi subacquea, apnea e mono pinna","potentialAction":[{"@type":"SearchAction","target":{"@type":"EntryPoint","urlTemplate":"https:\/\/www.subcms.it\/nuovo_sito_subcms\/?s={search_term_string}"},"query-input":"required name=search_term_string"}],"inLanguage":"it-IT"}]}},"jetpack_shortlink":"https:\/\/wp.me\/P4xsAT-ff","jetpack_sharing_enabled":true,"jetpack_likes_enabled":true,"jetpack-related-posts":[{"id":953,"url":"https:\/\/www.subcms.it\/nuovo_sito_subcms\/chi-siamo-2\/","url_meta":{"origin":945,"position":0},"title":"Chi siamo","date":"3 Maggio 2014","format":false,"excerpt":"Il Centro Monfalconese Sommozzatori (C.M.S.) \u00e8 un\u2019associazione no-profit fondata nel 1994 da un gruppo di appassionati subacquei con l\u2019intenzione di trasmettere e divulgare le proprie conoscenze nell\u2019ambito della didattica subacquea, proponendo corsi di apnea e di immersione con autorespiratore ad aria (bombole). La nostra attivit\u00e0 principale \u00e8 quella didattica e\u2026","rel":"","context":"Articolo simile","img":{"alt_text":"","src":"https:\/\/i0.wp.com\/www.subcms.it\/nuovo_sito_subcms\/wp-content\/uploads\/foto-cris-2006-048-300x225.jpg?resize=350%2C200","width":350,"height":200},"classes":[]},{"id":1042,"url":"https:\/\/www.subcms.it\/nuovo_sito_subcms\/didattica-per-lapnea\/","url_meta":{"origin":945,"position":1},"title":"I percorsi didattici per l&#8217;apnea","date":"11 Maggio 2014","format":false,"excerpt":"Nell'ambito della Federazione esistono diversi percorsi didattici sia in apnea che con l'auto-respiratore, pertanto vi rimandiamo al sito della F.I.P.S.A.S. per visionare l'elenco completo dei corsi e la relativa documentazione. Di seguito riportiamo i principali brevetti conseguibili ed alcune specializzazioni: In apnea Turistico Apnea Apneaista 1\u00b0 grado (fino a -8\u2026","rel":"","context":"Articolo simile","img":{"alt_text":"","src":"https:\/\/i0.wp.com\/www.subcms.it\/nuovo_sito_subcms\/wp-content\/uploads\/Apnea-225x300.jpg?resize=350%2C200","width":350,"height":200},"classes":[]},{"id":1053,"url":"https:\/\/www.subcms.it\/nuovo_sito_subcms\/didattica-per-specializzazioni\/","url_meta":{"origin":945,"position":2},"title":"Le specializzazioni per la subacquea","date":"11 Maggio 2014","format":false,"excerpt":"Nell\u2019ambito della Federazione esistono diversi percorsi didattici sia in apnea che con l\u2019auto-respiratore, pertanto vi rimandiamo al sito della F.I.P.S.A.S. per visionare l\u2019elenco completo dei corsi e la relativa documentazione. Di seguito riportiamo i principali brevetti conseguibili ed alcune specializzazioni: Ulteriori specializzazioni Notturna Relitti e secche Salvamento ed autosalvamento Corrente,\u2026","rel":"","context":"Articolo simile","img":{"alt_text":"","src":"https:\/\/i0.wp.com\/www.subcms.it\/nuovo_sito_subcms\/wp-content\/uploads\/Relitti-300x225.jpg?resize=350%2C200","width":350,"height":200},"classes":[]},{"id":1048,"url":"https:\/\/www.subcms.it\/nuovo_sito_subcms\/didattica-per-subacquea\/","url_meta":{"origin":945,"position":3},"title":"I percorsi didattici per la subacquea","date":"11 Maggio 2014","format":false,"excerpt":"Nell\u2019ambito della Federazione esistono diversi percorsi didattici sia in apnea che con l\u2019auto-respiratore, pertanto vi rimandiamo al sito della F.I.P.S.A.S. per visionare l\u2019elenco completo dei corsi e la relativa documentazione. Di seguito riportiamo i principali brevetti conseguibili ed alcune specializzazioni: Con l'autorespiratore ad aria Sommozzatore 1\u00b0 grado (fino a -18\u2026","rel":"","context":"Articolo simile","img":{"alt_text":"","src":"https:\/\/i0.wp.com\/www.subcms.it\/nuovo_sito_subcms\/wp-content\/uploads\/Small-Habili0055_edited-300x200.jpg?resize=350%2C200","width":350,"height":200},"classes":[]},{"id":1449,"url":"https:\/\/www.subcms.it\/nuovo_sito_subcms\/didattica-per-il-mini-ara-e-mini-apnea\/","url_meta":{"origin":945,"position":4},"title":"Didattica per il Mini ARA e Mini Apnea","date":"16 Gennaio 2015","format":false,"excerpt":"Dal 2004 la FIPSAS, Federazione Italiana Pesca Sportiva ed Attivit\u00e0 Subacquee, ha arricchito la propria offerta didattica, tradizionalmente orientata agli sportivi adulti (dai 14 anni in poi), con il nuovo settore della Didattica MiniSub, indirizzata a tutta la popolazione giovanile fino ai 14\/15 anni. La Didattica MiniSub \u00e8 nata come\u2026","rel":"","context":"Articolo simile","img":{"alt_text":"","src":"https:\/\/i0.wp.com\/www.subcms.it\/nuovo_sito_subcms\/wp-content\/uploads\/SDC13111-web-300x225.jpg?resize=350%2C200","width":350,"height":200},"classes":[]},{"id":10,"url":"https:\/\/www.subcms.it\/nuovo_sito_subcms\/","url_meta":{"origin":945,"position":5},"title":"Home","date":"13 Aprile 2014","format":false,"excerpt":"La nostra attivit\u00e0 principale \u00e8 quella didattica e si sviluppa attraverso dei corsi formativi. I Corsi, della durata di circa due mesi, permettono ai partecipanti di migliorare le proprie capacit\u00e0 acquatiche, per potersi immergere in sicurezza e tranquillit\u00e0. Alla fine del corso viene poi rilasciato un brevetto\u00a0riconosciuto a livello internazionale.\u2026","rel":"","context":"Articolo simile","img":{"alt_text":"","src":"","width":0,"height":0},"classes":[]}],"_links":{"self":[{"href":"https:\/\/www.subcms.it\/nuovo_sito_subcms\/wp-json\/wp\/v2\/pages\/945"}],"collection":[{"href":"https:\/\/www.subcms.it\/nuovo_sito_subcms\/wp-json\/wp\/v2\/pages"}],"about":[{"href":"https:\/\/www.subcms.it\/nuovo_sito_subcms\/wp-json\/wp\/v2\/types\/page"}],"author":[{"embeddable":true,"href":"https:\/\/www.subcms.it\/nuovo_sito_subcms\/wp-json\/wp\/v2\/users\/1"}],"replies":[{"embeddable":true,"href":"https:\/\/www.subcms.it\/nuovo_sito_subcms\/wp-json\/wp\/v2\/comments?post=945"}],"version-history":[{"count":13,"href":"https:\/\/www.subcms.it\/nuovo_sito_subcms\/wp-json\/wp\/v2\/pages\/945\/revisions"}],"predecessor-version":[{"id":2867,"href":"https:\/\/www.subcms.it\/nuovo_sito_subcms\/wp-json\/wp\/v2\/pages\/945\/revisions\/2867"}],"wp:attachment":[{"href":"https:\/\/www.subcms.it\/nuovo_sito_subcms\/wp-json\/wp\/v2\/media?parent=945"}],"curies":[{"name":"wp","href":"https:\/\/api.w.org\/{rel}","templated":true}]}}