{"id":51,"date":"2014-04-16T10:27:11","date_gmt":"2014-04-16T08:27:11","guid":{"rendered":"http:\/\/www.subcms.it\/nuovo_sito_subcms\/?page_id=51"},"modified":"2024-06-30T11:00:06","modified_gmt":"2024-06-30T09:00:06","slug":"staff","status":"publish","type":"page","link":"https:\/\/www.subcms.it\/nuovo_sito_subcms\/staff\/","title":{"rendered":"Staff"},"content":{"rendered":"<p>Il <strong>Direttivo<\/strong> del <strong>Centro Monfalconese Sommozzatori<\/strong>, come regolamentato dallo Statuto dell&#8217;Associazione, prevede diverse cariche, che fino al prossimo <strong>Maggio 2025<\/strong>&nbsp;sono ricoperte dalle seguenti persone:<\/p>\n<ul>\n<li>Presidente: Caliari Marco<\/li>\n<li>Vice Presidente e segretario: Gerussi Fulvio&nbsp;<\/li>\n<li>Safeguarding: Roberto Pagliaro<\/li>\n<li>Tesoriere: Carozzo Michele<\/li>\n<li>Economo: Budicin Giovanni<\/li>\n<li>Consigliere: Torchiana Maurizio<\/li>\n<\/ul>\n<p><strong>Di seguito elenchiamo tutti gli Istruttori del nostro Staff, che vi accompagneranno durante i nostri corsi subacquei.<\/strong><\/p>\n<hr>\n<p>&nbsp;<\/p>\n<div id=\"wtm-team-656103727\" class=\"wp-team-manager-wrapper team-list grid-wrapper\">\n<div class='wtm-col-md-6 wtm-col-sm-6 wtm-col-xs-12'>\n<div class=\"grid\">\n<div class=\"team-member-info\">\n\t    <a href=\"https:\/\/www.subcms.it\/nuovo_sito_subcms\/team-details\/marco-caliari\/\"><img class='team-picture rounded' src='https:\/\/i0.wp.com\/www.subcms.it\/nuovo_sito_subcms\/wp-content\/uploads\/marco_caliari.jpg?resize=150%2C150&#038;ssl=1' width='150' title='Marco Caliari' \/><\/a><\/p>\n<ul class=\"team-member-socials font-awesome\"><\/ul>\n<\/p><\/div>\n<div class=\"team-member-des\">\n<h2 class=\"team-title\">Marco Caliari<\/h2>\n<h4 class=\"team-position\">Presidente<\/h4>\n<ul>\n<li>Cariche sociali: Presidente, Staff Istruttori AR e Apnea<\/li>\n<li>Brevetti: Istruttore AR grado M3, Istruttore d&#8217;Apnea<\/li>\n<li>Specializzazioni: Istruttore immersioni in quota, Istruttore immersioni fuori curva, Istruttore muta stagna, Nitrox base<\/li>\n<li>Inoltre: Vice direttore didattico del settore Didattica subacquea Provinciale<\/li>\n<\/ul>\n<ul class=\"team-member-other-info\"><\/ul>\n<\/p><\/div>\n<\/p><\/div>\n<\/div>\n<div class='wtm-col-md-6 wtm-col-sm-6 wtm-col-xs-12'>\n<div class=\"grid\">\n<div class=\"team-member-info\">\n\t    <a href=\"https:\/\/www.subcms.it\/nuovo_sito_subcms\/team-details\/gianluca-tomasin\/\"><img class='team-picture rounded' src='https:\/\/i0.wp.com\/www.subcms.it\/nuovo_sito_subcms\/wp-content\/uploads\/gianluca_tomasin.jpg?resize=150%2C150&#038;ssl=1' width='150' title='Gianluca Tomasin' \/><\/a><\/p>\n<ul class=\"team-member-socials font-awesome\"><\/ul>\n<\/p><\/div>\n<div class=\"team-member-des\">\n<h2 class=\"team-title\">Gianluca Tomasin<\/h2>\n<h4 class=\"team-position\">Staff Istruttori settore APNEA<\/h4>\n<ul>\n<li>Cariche sociali: Staff Istruttori settore Apnea<\/li>\n<li>Brevetti: Istruttore d&#8217;Apnea<\/li>\n<li>Commenti: Amo l&#8217;apnea quanto la pesca subacquea: sono due modi diversi di immergersi in acqua, ma entrambi regalano continue emozioni!<\/li>\n<\/ul>\n<ul class=\"team-member-other-info\"><\/ul>\n<\/p><\/div>\n<\/p><\/div>\n<\/div>\n<div class='wtm-col-md-6 wtm-col-sm-6 wtm-col-xs-12'>\n<div class=\"grid\">\n<div class=\"team-member-info\">\n\t    <a href=\"https:\/\/www.subcms.it\/nuovo_sito_subcms\/team-details\/maurizio-torchiana\/\"><img class='team-picture rounded' src='https:\/\/i0.wp.com\/www.subcms.it\/nuovo_sito_subcms\/wp-content\/uploads\/maurizio_torchiana.jpg?resize=150%2C150&#038;ssl=1' width='150' title='Maurizio Torchiana' \/><\/a><\/p>\n<ul class=\"team-member-socials font-awesome\"><\/ul>\n<\/p><\/div>\n<div class=\"team-member-des\">\n<h2 class=\"team-title\">Maurizio Torchiana<\/h2>\n<h4 class=\"team-position\">Consigliere<\/h4>\n<ul>\n<li>Cariche sociali: Consigliere, Responsabile Didattico del settore Apnea, Staff Istruttori del settore Apnea<\/li>\n<li>Brevetti: Commissario Federale d&#8217;Apnea, Istruttore d&#8217;Apnea, Istruttore AR<\/li>\n<li>Commenti: Vela ed apnea sono la mia passione ed un connubio stupendo per vivere il mare!<\/li>\n<\/ul>\n<ul class=\"team-member-other-info\"><\/ul>\n<\/p><\/div>\n<\/p><\/div>\n<\/div>\n<div class='wtm-col-md-6 wtm-col-sm-6 wtm-col-xs-12'>\n<div class=\"grid\">\n<div class=\"team-member-info\">\n\t    <a href=\"https:\/\/www.subcms.it\/nuovo_sito_subcms\/team-details\/roberto-pagliaro\/\"><img class='team-picture rounded' src='https:\/\/i0.wp.com\/www.subcms.it\/nuovo_sito_subcms\/wp-content\/uploads\/RobertoPagliaro-scaled.jpg?resize=150%2C150&#038;ssl=1' width='150' title='Roberto Pagliaro' \/><\/a><\/p>\n<ul class=\"team-member-socials font-awesome\"><\/ul>\n<\/p><\/div>\n<div class=\"team-member-des\">\n<h2 class=\"team-title\">Roberto Pagliaro<\/h2>\n<h4 class=\"team-position\">Responsabile Safeguarding<\/h4>\n<ul>\n<li>Cariche sociali: Responsabile Safeguarding &#8211; mail roberto.pagliaro.net@gmail.com<\/li>\n<li>Brevetti: Istruttore Federale di Pesca in Apnea<\/li>\n<li>Apneista Federale di III grado<\/li>\n<li>Assistente Istruttore Apnea indoor e outdoor<\/li>\n<li>Istruttore Attivit\u00e0 Natatorie di base<\/li>\n<li>Assistente Istruttore Federale ARA<\/li>\n<li>Istruttore ARA M1 in Formazione<\/li>\n<\/ul>\n<ul class=\"team-member-other-info\"><\/ul>\n<\/p><\/div>\n<\/p><\/div>\n<\/div>\n<div class='wtm-col-md-6 wtm-col-sm-6 wtm-col-xs-12'>\n<div class=\"grid\">\n<div class=\"team-member-info\">\n\t    <a href=\"https:\/\/www.subcms.it\/nuovo_sito_subcms\/team-details\/michele-carrozzo\/\"><img class='team-picture rounded' src='https:\/\/i0.wp.com\/www.subcms.it\/nuovo_sito_subcms\/wp-content\/uploads\/IMG-20141015-WA0023.jpg?resize=150%2C150&#038;ssl=1' width='150' title='Michele Carrozzo' \/><\/a><\/p>\n<ul class=\"team-member-socials font-awesome\"><\/ul>\n<\/p><\/div>\n<div class=\"team-member-des\">\n<h2 class=\"team-title\">Michele Carrozzo<\/h2>\n<h4 class=\"team-position\">Tesoriere<\/h4>\n<ul>\n<li>Cariche sociali: Tesoriere<\/li>\n<li>Brevetti: Istruttore ** stelle CMAS AR e Apnea, Pesca in apnea FIPSAS<\/li>\n<li>Specializzazioni: Istruttore muta stagna, Istruttore immersione fuori curva, Istruttore immersione profonda, Istruttore immersione in quota.<\/li>\n<li>Inoltre: Patente nautica entro le 12 miglia<\/li>\n<li>Commenti: Quando trattieni il respiro avviene tutto ci\u00f2 che \u00e8 giusto.<\/li>\n<\/ul>\n<ul class=\"team-member-other-info\"><\/ul>\n<\/p><\/div>\n<\/p><\/div>\n<\/div>\n<div class='wtm-col-md-6 wtm-col-sm-6 wtm-col-xs-12'>\n<div class=\"grid\">\n<div class=\"team-member-info\">\n\t    <a href=\"https:\/\/www.subcms.it\/nuovo_sito_subcms\/team-details\/lisa-faresi\/\"><img class='team-picture rounded' src='https:\/\/i0.wp.com\/www.subcms.it\/nuovo_sito_subcms\/wp-content\/uploads\/lisa_faresi.jpg?resize=150%2C150&#038;ssl=1' width='150' title='Lisa Faresi' \/><\/a><\/p>\n<ul class=\"team-member-socials font-awesome\"><\/ul>\n<\/p><\/div>\n<div class=\"team-member-des\">\n<h2 class=\"team-title\">Lisa Faresi<\/h2>\n<h4 class=\"team-position\">Staff Istruttori settore AR<\/h4>\n<ul>\n<li>Cariche sociali: Staff Istruttori settore AR e Apnea<\/li>\n<li>Brevetti: Istruttore AR, Istruttore Apnea<\/li>\n<li>Specializzazioni: Biologia marina, &nbsp;Nitrox, BSL<\/li>\n<\/ul>\n<ul class=\"team-member-other-info\"><\/ul>\n<\/p><\/div>\n<\/p><\/div>\n<\/div>\n<div class='wtm-col-md-6 wtm-col-sm-6 wtm-col-xs-12'>\n<div class=\"grid\">\n<div class=\"team-member-info\">\n\t    <a href=\"https:\/\/www.subcms.it\/nuovo_sito_subcms\/team-details\/giovanni-budicin\/\"><img class='team-picture rounded' src='https:\/\/i0.wp.com\/www.subcms.it\/nuovo_sito_subcms\/wp-content\/uploads\/giovanni_budicin.jpg?resize=150%2C150&#038;ssl=1' width='150' title='Giovanni Budicin' \/><\/a><\/p>\n<ul class=\"team-member-socials font-awesome\"><\/ul>\n<\/p><\/div>\n<div class=\"team-member-des\">\n<h2 class=\"team-title\">Giovanni Budicin<\/h2>\n<h4 class=\"team-position\">Staff Istruttori settore AR<\/h4>\n<ul>\n<li>Cariche sociali: Economo, Staff Istruttori settore AR<\/li>\n<li>Brevetti: Istruttore AR<\/li>\n<li>Specializzazioni: Nitrox, Operatore ambientale subacqueo, BLS<\/li>\n<\/ul>\n<ul class=\"team-member-other-info\"><\/ul>\n<\/p><\/div>\n<\/p><\/div>\n<\/div>\n<div class='wtm-col-md-6 wtm-col-sm-6 wtm-col-xs-12'>\n<div class=\"grid\">\n<div class=\"team-member-info\">\n\t    <a href=\"https:\/\/www.subcms.it\/nuovo_sito_subcms\/team-details\/brunetto-zagato\/\"><img class='team-picture rounded' src='https:\/\/i0.wp.com\/www.subcms.it\/nuovo_sito_subcms\/wp-content\/uploads\/Zagato-Brunetto.jpg?resize=150%2C150&#038;ssl=1' width='150' title='Brunetto Zagato' \/><\/a><\/p>\n<ul class=\"team-member-socials font-awesome\"><\/ul>\n<\/p><\/div>\n<div class=\"team-member-des\">\n<h2 class=\"team-title\">Brunetto Zagato<\/h2>\n<h4 class=\"team-position\">Staff Istruttori settore AR<\/h4>\n<ul>\n<li>Cariche sociali: Staff Istruttori settore AR<\/li>\n<li>Brevetti: Istruttore ARA M2<\/li>\n<li>Specializzazioni:&nbsp;Nitrox, muta stagna, orientamento, immersione profonda, salvamento, &nbsp;immersione notturna, OAS<\/li>\n<li>\n<div>Patente Nautica Motore Entro le 12 miglia.<\/div>\n<\/li>\n<\/ul>\n<ul class=\"team-member-other-info\"><\/ul>\n<\/p><\/div>\n<\/p><\/div>\n<\/div>\n<div class='wtm-col-md-6 wtm-col-sm-6 wtm-col-xs-12'>\n<div class=\"grid\">\n<div class=\"team-member-info\">\n\t    <a href=\"https:\/\/www.subcms.it\/nuovo_sito_subcms\/team-details\/fulvio-gerussi\/\"><img class='team-picture rounded' src='https:\/\/i0.wp.com\/www.subcms.it\/nuovo_sito_subcms\/wp-content\/uploads\/WhatsApp-Image-2022-05-17-at-17.41.07-e1683567618854.jpeg?resize=150%2C150&#038;ssl=1' width='150' title='Fulvio Gerussi' \/><\/a><\/p>\n<ul class=\"team-member-socials font-awesome\"><\/ul>\n<\/p><\/div>\n<div class=\"team-member-des\">\n<h2 class=\"team-title\">Fulvio Gerussi<\/h2>\n<h4 class=\"team-position\">Vice Presidente e Segretario<\/h4>\n<ul>\n<li>Cariche sociali: Vice Presidente e Segretario, Staff Istruttori settore AR, Istruttore Apnea.<\/li>\n<li>Brevetti: Istruttore AR, Istruttore Apnea<\/li>\n<\/ul>\n<ul class=\"team-member-other-info\"><\/ul>\n<\/p><\/div>\n<\/p><\/div>\n<\/div>\n<div class='wtm-col-md-6 wtm-col-sm-6 wtm-col-xs-12'>\n<div class=\"grid\">\n<div class=\"team-member-info\">\n\t    <a href=\"https:\/\/www.subcms.it\/nuovo_sito_subcms\/team-details\/loris-vincenzi\/\"><img class='team-picture rounded' src='https:\/\/i0.wp.com\/www.subcms.it\/nuovo_sito_subcms\/wp-content\/uploads\/loris.png?resize=150%2C150&#038;ssl=1' width='150' title='Loris Vincenzi' \/><\/a><\/p>\n<ul class=\"team-member-socials font-awesome\"><\/ul>\n<\/p><\/div>\n<div class=\"team-member-des\">\n<h2 class=\"team-title\">Loris Vincenzi<\/h2>\n<h4 class=\"team-position\">Webmaster<\/h4>\n<ul>\n<li>Cariche sociali: Webmaster<\/li>\n<li>Brevetti: 2\u00b0 Grado Apnea FIPSAS, 2\u00b0 Grado Sommozzatore ANIS, Pesca Subacquea agonistica FIPSAS<\/li>\n<li>Specializzazioni: Brevetto Biologia marina FIPSAS<\/li>\n<\/ul>\n<ul class=\"team-member-other-info\"><\/ul>\n<\/p><\/div>\n<\/p><\/div>\n<\/div>\n<\/div>\n","protected":false},"excerpt":{"rendered":"<p>Il Direttivo del Centro Monfalconese Sommozzatori, come regolamentato dallo Statuto dell&#8217;Associazione, prevede diverse cariche, che fino al prossimo Maggio 2025&nbsp;sono ricoperte dalle seguenti persone: Presidente: Caliari Marco Vice Presidente e segretario: Gerussi Fulvio&nbsp; Safeguarding: Roberto Pagliaro Tesoriere: Carozzo Michele Economo: Budicin Giovanni Consigliere: Torchiana Maurizio Di seguito elenchiamo tutti gli Istruttori del nostro Staff, che vi accompagneranno durante i nostri corsi subacquei. &nbsp;<\/p>\n","protected":false},"author":1,"featured_media":0,"parent":0,"menu_order":0,"comment_status":"open","ping_status":"open","template":"","meta":{"_s2mail":"yes","ngg_post_thumbnail":0,"jetpack_post_was_ever_published":false},"acf":[],"yoast_head":"<!-- This site is optimized with the Yoast SEO plugin v20.7 - https:\/\/yoast.com\/wordpress\/plugins\/seo\/ -->\n<title>Staff - Centro Monfalconese Sommozzatori (C.M.S)<\/title>\n<meta name=\"robots\" content=\"index, follow, max-snippet:-1, max-image-preview:large, max-video-preview:-1\" \/>\n<link rel=\"canonical\" href=\"https:\/\/www.subcms.it\/nuovo_sito_subcms\/staff\/\" \/>\n<meta property=\"og:locale\" content=\"it_IT\" \/>\n<meta property=\"og:type\" content=\"article\" \/>\n<meta property=\"og:title\" content=\"Staff - Centro Monfalconese Sommozzatori (C.M.S)\" \/>\n<meta property=\"og:description\" content=\"Il Direttivo del Centro Monfalconese Sommozzatori, come regolamentato dallo Statuto dell&#8217;Associazione, prevede diverse cariche, che fino al prossimo Maggio 2025&nbsp;sono ricoperte dalle seguenti persone: Presidente: Caliari Marco Vice Presidente e segretario: Gerussi Fulvio&nbsp; Safeguarding: Roberto Pagliaro Tesoriere: Carozzo Michele Economo: Budicin Giovanni Consigliere: Torchiana Maurizio Di seguito elenchiamo tutti gli Istruttori del nostro Staff, che vi accompagneranno durante i nostri corsi subacquei. &nbsp;\" \/>\n<meta property=\"og:url\" content=\"https:\/\/www.subcms.it\/nuovo_sito_subcms\/staff\/\" \/>\n<meta property=\"og:site_name\" content=\"Centro Monfalconese Sommozzatori (C.M.S)\" \/>\n<meta property=\"article:modified_time\" content=\"2024-06-30T09:00:06+00:00\" \/>\n<meta name=\"twitter:label1\" content=\"Tempo di lettura stimato\" \/>\n\t<meta name=\"twitter:data1\" content=\"1 minuto\" \/>\n<script type=\"application\/ld+json\" class=\"yoast-schema-graph\">{\"@context\":\"https:\/\/schema.org\",\"@graph\":[{\"@type\":\"WebPage\",\"@id\":\"https:\/\/www.subcms.it\/nuovo_sito_subcms\/staff\/\",\"url\":\"https:\/\/www.subcms.it\/nuovo_sito_subcms\/staff\/\",\"name\":\"Staff - Centro Monfalconese Sommozzatori (C.M.S)\",\"isPartOf\":{\"@id\":\"https:\/\/www.subcms.it\/nuovo_sito_subcms\/#website\"},\"datePublished\":\"2014-04-16T08:27:11+00:00\",\"dateModified\":\"2024-06-30T09:00:06+00:00\",\"breadcrumb\":{\"@id\":\"https:\/\/www.subcms.it\/nuovo_sito_subcms\/staff\/#breadcrumb\"},\"inLanguage\":\"it-IT\",\"potentialAction\":[{\"@type\":\"ReadAction\",\"target\":[\"https:\/\/www.subcms.it\/nuovo_sito_subcms\/staff\/\"]}]},{\"@type\":\"BreadcrumbList\",\"@id\":\"https:\/\/www.subcms.it\/nuovo_sito_subcms\/staff\/#breadcrumb\",\"itemListElement\":[{\"@type\":\"ListItem\",\"position\":1,\"name\":\"Home\",\"item\":\"https:\/\/www.subcms.it\/nuovo_sito_subcms\/\"},{\"@type\":\"ListItem\",\"position\":2,\"name\":\"Staff\"}]},{\"@type\":\"WebSite\",\"@id\":\"https:\/\/www.subcms.it\/nuovo_sito_subcms\/#website\",\"url\":\"https:\/\/www.subcms.it\/nuovo_sito_subcms\/\",\"name\":\"Centro Monfalconese Sommozzatori (C.M.S)\",\"description\":\"- Corsi subacquea, apnea e mono pinna\",\"potentialAction\":[{\"@type\":\"SearchAction\",\"target\":{\"@type\":\"EntryPoint\",\"urlTemplate\":\"https:\/\/www.subcms.it\/nuovo_sito_subcms\/?s={search_term_string}\"},\"query-input\":\"required name=search_term_string\"}],\"inLanguage\":\"it-IT\"}]}<\/script>\n<!-- \/ Yoast SEO plugin. -->","yoast_head_json":{"title":"Staff - Centro Monfalconese Sommozzatori (C.M.S)","robots":{"index":"index","follow":"follow","max-snippet":"max-snippet:-1","max-image-preview":"max-image-preview:large","max-video-preview":"max-video-preview:-1"},"canonical":"https:\/\/www.subcms.it\/nuovo_sito_subcms\/staff\/","og_locale":"it_IT","og_type":"article","og_title":"Staff - Centro Monfalconese Sommozzatori (C.M.S)","og_description":"Il Direttivo del Centro Monfalconese Sommozzatori, come regolamentato dallo Statuto dell&#8217;Associazione, prevede diverse cariche, che fino al prossimo Maggio 2025&nbsp;sono ricoperte dalle seguenti persone: Presidente: Caliari Marco Vice Presidente e segretario: Gerussi Fulvio&nbsp; Safeguarding: Roberto Pagliaro Tesoriere: Carozzo Michele Economo: Budicin Giovanni Consigliere: Torchiana Maurizio Di seguito elenchiamo tutti gli Istruttori del nostro Staff, che vi accompagneranno durante i nostri corsi subacquei. &nbsp;","og_url":"https:\/\/www.subcms.it\/nuovo_sito_subcms\/staff\/","og_site_name":"Centro Monfalconese Sommozzatori (C.M.S)","article_modified_time":"2024-06-30T09:00:06+00:00","twitter_misc":{"Tempo di lettura stimato":"1 minuto"},"schema":{"@context":"https:\/\/schema.org","@graph":[{"@type":"WebPage","@id":"https:\/\/www.subcms.it\/nuovo_sito_subcms\/staff\/","url":"https:\/\/www.subcms.it\/nuovo_sito_subcms\/staff\/","name":"Staff - Centro Monfalconese Sommozzatori (C.M.S)","isPartOf":{"@id":"https:\/\/www.subcms.it\/nuovo_sito_subcms\/#website"},"datePublished":"2014-04-16T08:27:11+00:00","dateModified":"2024-06-30T09:00:06+00:00","breadcrumb":{"@id":"https:\/\/www.subcms.it\/nuovo_sito_subcms\/staff\/#breadcrumb"},"inLanguage":"it-IT","potentialAction":[{"@type":"ReadAction","target":["https:\/\/www.subcms.it\/nuovo_sito_subcms\/staff\/"]}]},{"@type":"BreadcrumbList","@id":"https:\/\/www.subcms.it\/nuovo_sito_subcms\/staff\/#breadcrumb","itemListElement":[{"@type":"ListItem","position":1,"name":"Home","item":"https:\/\/www.subcms.it\/nuovo_sito_subcms\/"},{"@type":"ListItem","position":2,"name":"Staff"}]},{"@type":"WebSite","@id":"https:\/\/www.subcms.it\/nuovo_sito_subcms\/#website","url":"https:\/\/www.subcms.it\/nuovo_sito_subcms\/","name":"Centro Monfalconese Sommozzatori (C.M.S)","description":"- Corsi subacquea, apnea e mono pinna","potentialAction":[{"@type":"SearchAction","target":{"@type":"EntryPoint","urlTemplate":"https:\/\/www.subcms.it\/nuovo_sito_subcms\/?s={search_term_string}"},"query-input":"required name=search_term_string"}],"inLanguage":"it-IT"}]}},"jetpack_shortlink":"https:\/\/wp.me\/P4xsAT-P","jetpack_sharing_enabled":true,"jetpack_likes_enabled":true,"jetpack-related-posts":[{"id":988,"url":"https:\/\/www.subcms.it\/nuovo_sito_subcms\/privacy\/","url_meta":{"origin":51,"position":0},"title":"Privacy","date":"4 Maggio 2014","format":false,"excerpt":"Privacy Policy di Centro Monfalconese Sommozzatori Questa Applicazione raccoglie alcuni Dati Personali dei propri Utenti. Titolare del Trattamento dei Dati Centro Monfalconese Sommozzatori, info@subcms.it Tipologie di Dati raccolti Fra i Dati Personali raccolti da questa Applicazione, in modo autonomo o tramite terze parti, ci sono: Cookie, Dati di utilizzo, Email,\u2026","rel":"","context":"Articolo simile","img":{"alt_text":"","src":"","width":0,"height":0},"classes":[]},{"id":1634,"url":"https:\/\/www.subcms.it\/nuovo_sito_subcms\/cookie-policy\/","url_meta":{"origin":51,"position":1},"title":"Cookie Policy","date":"29 Maggio 2015","format":false,"excerpt":"Privacy Policy di www.subcms.it Questa Applicazione raccoglie alcuni Dati Personali dei propri Utenti. Titolare del Trattamento dei Dati Centro Monfalconese Sommozzatori, Via F.lli Zambon, 2 - 34079 Staranzano (GO - Italia), info@subcms.it Tipologie di Dati raccolti Fra i Dati Personali raccolti da questa Applicazione, in modo autonomo o tramite terze\u2026","rel":"","context":"Articolo simile","img":{"alt_text":"","src":"","width":0,"height":0},"classes":[]},{"id":945,"url":"https:\/\/www.subcms.it\/nuovo_sito_subcms\/didattica-2\/","url_meta":{"origin":51,"position":2},"title":"Corsi FIPSAS","date":"3 Maggio 2014","format":false,"excerpt":"Il Centro Monfalconese Sommozzatori ha scelto di divulgare il proprio insegnamento e la pratica delle attivit\u00e0 subacquee secondo la didattica F.I.P.S.A.S. o Federazione Italiana Pesca Sportiva ed Attivit\u00e0 Subacquee. Come vi sar\u00e0 noto, nel mondo della subacquea esistono moltissime scuole di immersione, forse molto pi\u00f9 pubblicizzate della F.I.P.S.A.S., vuoi per\u2026","rel":"","context":"Articolo simile","img":{"alt_text":"","src":"","width":0,"height":0},"classes":[]},{"id":1449,"url":"https:\/\/www.subcms.it\/nuovo_sito_subcms\/didattica-per-il-mini-ara-e-mini-apnea\/","url_meta":{"origin":51,"position":3},"title":"Didattica per il Mini ARA e Mini Apnea","date":"16 Gennaio 2015","format":false,"excerpt":"Dal 2004 la FIPSAS, Federazione Italiana Pesca Sportiva ed Attivit\u00e0 Subacquee, ha arricchito la propria offerta didattica, tradizionalmente orientata agli sportivi adulti (dai 14 anni in poi), con il nuovo settore della Didattica MiniSub, indirizzata a tutta la popolazione giovanile fino ai 14\/15 anni. La Didattica MiniSub \u00e8 nata come\u2026","rel":"","context":"Articolo simile","img":{"alt_text":"","src":"https:\/\/i0.wp.com\/www.subcms.it\/nuovo_sito_subcms\/wp-content\/uploads\/SDC13111-web-300x225.jpg?resize=350%2C200","width":350,"height":200},"classes":[]},{"id":3076,"url":"https:\/\/www.subcms.it\/nuovo_sito_subcms\/catalogo-vestiario\/","url_meta":{"origin":51,"position":4},"title":"Catalogo vestiario","date":"12 Aprile 2019","format":false,"excerpt":"Cari amici e soci, il club si \u00e8 fatto la divisa! Da oggi se siete interessati potrete acquistare il vestiario ufficiale del nostro amato club. A disposizione troverete cappellini, tute, polo, boxer per l'estate e molto altro. Dovrete solo compilare questo modulo e inviarlo a info@subcms.it altrimenti lo potete consegnare\u2026","rel":"","context":"Articolo simile","img":{"alt_text":"","src":"https:\/\/i0.wp.com\/www.subcms.it\/nuovo_sito_subcms\/wp-content\/uploads\/CMS_CatalogoVestiario2019.jpg?fit=1169%2C826&ssl=1&resize=350%2C200","width":350,"height":200},"classes":[]},{"id":1057,"url":"https:\/\/www.subcms.it\/nuovo_sito_subcms\/i-brevetti\/","url_meta":{"origin":51,"position":5},"title":"I brevetti","date":"11 Maggio 2014","format":false,"excerpt":"Dopo aver frequentato con successo un corso F.I.P.S.A.S. viene rilasciato il brevetto federale, che \u00e8 validato anche dalla C.M.A.S. (Confederazione Mondiale delle Attivit\u00e0 Subacquee), e quindi riconosciuto in tutta Italia, ma soprattutto nel mondo, per dare la possibilit\u00e0 a tutti gli appassionati di visitare i migliori fondali marini.","rel":"","context":"Articolo simile","img":{"alt_text":"","src":"https:\/\/i0.wp.com\/www.subcms.it\/nuovo_sito_subcms\/wp-content\/uploads\/brevetti-300x226.gif?resize=350%2C200","width":350,"height":200},"classes":[]}],"_links":{"self":[{"href":"https:\/\/www.subcms.it\/nuovo_sito_subcms\/wp-json\/wp\/v2\/pages\/51"}],"collection":[{"href":"https:\/\/www.subcms.it\/nuovo_sito_subcms\/wp-json\/wp\/v2\/pages"}],"about":[{"href":"https:\/\/www.subcms.it\/nuovo_sito_subcms\/wp-json\/wp\/v2\/types\/page"}],"author":[{"embeddable":true,"href":"https:\/\/www.subcms.it\/nuovo_sito_subcms\/wp-json\/wp\/v2\/users\/1"}],"replies":[{"embeddable":true,"href":"https:\/\/www.subcms.it\/nuovo_sito_subcms\/wp-json\/wp\/v2\/comments?post=51"}],"version-history":[{"count":29,"href":"https:\/\/www.subcms.it\/nuovo_sito_subcms\/wp-json\/wp\/v2\/pages\/51\/revisions"}],"predecessor-version":[{"id":3456,"href":"https:\/\/www.subcms.it\/nuovo_sito_subcms\/wp-json\/wp\/v2\/pages\/51\/revisions\/3456"}],"wp:attachment":[{"href":"https:\/\/www.subcms.it\/nuovo_sito_subcms\/wp-json\/wp\/v2\/media?parent=51"}],"curies":[{"name":"wp","href":"https:\/\/api.w.org\/{rel}","templated":true}]}}