{"id":12,"date":"2014-04-13T21:45:44","date_gmt":"2014-04-13T19:45:44","guid":{"rendered":"http:\/\/www.subcms.it\/nuovo_sito_subcms\/?page_id=12"},"modified":"2023-05-13T15:49:00","modified_gmt":"2023-05-13T13:49:00","slug":"contatti","status":"publish","type":"page","link":"https:\/\/www.subcms.it\/nuovo_sito_subcms\/contatti\/","title":{"rendered":"Contatti"},"content":{"rendered":"<p>Contatti per maggiori informazioni e richieste. Via Colleoni, 3 &#8211; 34074 Monfalcone (GO) Info : 347.2544751 e-mail : info@subcms.it<\/p>\n","protected":false},"excerpt":{"rendered":"<p>Contatti per maggiori informazioni e richieste. Via Colleoni, 3 &#8211; 34074 Monfalcone (GO) Info : 347.2544751 e-mail : info@subcms.it<\/p>\n","protected":false},"author":1,"featured_media":0,"parent":0,"menu_order":0,"comment_status":"open","ping_status":"open","template":"contact.php","meta":{"_s2mail":"yes","ngg_post_thumbnail":0,"jetpack_post_was_ever_published":false},"acf":[],"yoast_head":"<!-- This site is optimized with the Yoast SEO plugin v20.7 - https:\/\/yoast.com\/wordpress\/plugins\/seo\/ -->\n<title>Contatti<\/title>\n<meta name=\"description\" content=\"Contatti per maggiori informazioni e richieste. Via Colleoni, 3 - 34074 Monfalcone (GO) Info : 347.2544751 e-mail : info@subcms.it\" \/>\n<meta name=\"robots\" content=\"index, follow, max-snippet:-1, max-image-preview:large, max-video-preview:-1\" \/>\n<link rel=\"canonical\" href=\"https:\/\/www.subcms.it\/nuovo_sito_subcms\/contatti\/\" \/>\n<meta property=\"og:locale\" content=\"it_IT\" \/>\n<meta property=\"og:type\" content=\"article\" \/>\n<meta property=\"og:title\" content=\"Contatti\" \/>\n<meta property=\"og:description\" content=\"Contatti per maggiori informazioni e richieste. Via Colleoni, 3 - 34074 Monfalcone (GO) Info : 347.2544751 e-mail : info@subcms.it\" \/>\n<meta property=\"og:url\" content=\"https:\/\/www.subcms.it\/nuovo_sito_subcms\/contatti\/\" \/>\n<meta property=\"og:site_name\" content=\"Centro Monfalconese Sommozzatori (C.M.S)\" \/>\n<meta property=\"article:modified_time\" content=\"2023-05-13T13:49:00+00:00\" \/>\n<meta name=\"twitter:label1\" content=\"Tempo di lettura stimato\" \/>\n\t<meta name=\"twitter:data1\" content=\"1 minuto\" \/>\n<script type=\"application\/ld+json\" class=\"yoast-schema-graph\">{\"@context\":\"https:\/\/schema.org\",\"@graph\":[{\"@type\":\"WebPage\",\"@id\":\"https:\/\/www.subcms.it\/nuovo_sito_subcms\/contatti\/\",\"url\":\"https:\/\/www.subcms.it\/nuovo_sito_subcms\/contatti\/\",\"name\":\"Contatti\",\"isPartOf\":{\"@id\":\"https:\/\/www.subcms.it\/nuovo_sito_subcms\/#website\"},\"datePublished\":\"2014-04-13T19:45:44+00:00\",\"dateModified\":\"2023-05-13T13:49:00+00:00\",\"description\":\"Contatti per maggiori informazioni e richieste. Via Colleoni, 3 - 34074 Monfalcone (GO) Info : 347.2544751 e-mail : info@subcms.it\",\"breadcrumb\":{\"@id\":\"https:\/\/www.subcms.it\/nuovo_sito_subcms\/contatti\/#breadcrumb\"},\"inLanguage\":\"it-IT\",\"potentialAction\":[{\"@type\":\"ReadAction\",\"target\":[\"https:\/\/www.subcms.it\/nuovo_sito_subcms\/contatti\/\"]}]},{\"@type\":\"BreadcrumbList\",\"@id\":\"https:\/\/www.subcms.it\/nuovo_sito_subcms\/contatti\/#breadcrumb\",\"itemListElement\":[{\"@type\":\"ListItem\",\"position\":1,\"name\":\"Home\",\"item\":\"https:\/\/www.subcms.it\/nuovo_sito_subcms\/\"},{\"@type\":\"ListItem\",\"position\":2,\"name\":\"Contatti\"}]},{\"@type\":\"WebSite\",\"@id\":\"https:\/\/www.subcms.it\/nuovo_sito_subcms\/#website\",\"url\":\"https:\/\/www.subcms.it\/nuovo_sito_subcms\/\",\"name\":\"Centro Monfalconese Sommozzatori (C.M.S)\",\"description\":\"- Corsi subacquea, apnea e mono pinna\",\"potentialAction\":[{\"@type\":\"SearchAction\",\"target\":{\"@type\":\"EntryPoint\",\"urlTemplate\":\"https:\/\/www.subcms.it\/nuovo_sito_subcms\/?s={search_term_string}\"},\"query-input\":\"required name=search_term_string\"}],\"inLanguage\":\"it-IT\"}]}<\/script>\n<!-- \/ Yoast SEO plugin. -->","yoast_head_json":{"title":"Contatti","description":"Contatti per maggiori informazioni e richieste. Via Colleoni, 3 - 34074 Monfalcone (GO) Info : 347.2544751 e-mail : info@subcms.it","robots":{"index":"index","follow":"follow","max-snippet":"max-snippet:-1","max-image-preview":"max-image-preview:large","max-video-preview":"max-video-preview:-1"},"canonical":"https:\/\/www.subcms.it\/nuovo_sito_subcms\/contatti\/","og_locale":"it_IT","og_type":"article","og_title":"Contatti","og_description":"Contatti per maggiori informazioni e richieste. Via Colleoni, 3 - 34074 Monfalcone (GO) Info : 347.2544751 e-mail : info@subcms.it","og_url":"https:\/\/www.subcms.it\/nuovo_sito_subcms\/contatti\/","og_site_name":"Centro Monfalconese Sommozzatori (C.M.S)","article_modified_time":"2023-05-13T13:49:00+00:00","twitter_misc":{"Tempo di lettura stimato":"1 minuto"},"schema":{"@context":"https:\/\/schema.org","@graph":[{"@type":"WebPage","@id":"https:\/\/www.subcms.it\/nuovo_sito_subcms\/contatti\/","url":"https:\/\/www.subcms.it\/nuovo_sito_subcms\/contatti\/","name":"Contatti","isPartOf":{"@id":"https:\/\/www.subcms.it\/nuovo_sito_subcms\/#website"},"datePublished":"2014-04-13T19:45:44+00:00","dateModified":"2023-05-13T13:49:00+00:00","description":"Contatti per maggiori informazioni e richieste. Via Colleoni, 3 - 34074 Monfalcone (GO) Info : 347.2544751 e-mail : info@subcms.it","breadcrumb":{"@id":"https:\/\/www.subcms.it\/nuovo_sito_subcms\/contatti\/#breadcrumb"},"inLanguage":"it-IT","potentialAction":[{"@type":"ReadAction","target":["https:\/\/www.subcms.it\/nuovo_sito_subcms\/contatti\/"]}]},{"@type":"BreadcrumbList","@id":"https:\/\/www.subcms.it\/nuovo_sito_subcms\/contatti\/#breadcrumb","itemListElement":[{"@type":"ListItem","position":1,"name":"Home","item":"https:\/\/www.subcms.it\/nuovo_sito_subcms\/"},{"@type":"ListItem","position":2,"name":"Contatti"}]},{"@type":"WebSite","@id":"https:\/\/www.subcms.it\/nuovo_sito_subcms\/#website","url":"https:\/\/www.subcms.it\/nuovo_sito_subcms\/","name":"Centro Monfalconese Sommozzatori (C.M.S)","description":"- Corsi subacquea, apnea e mono pinna","potentialAction":[{"@type":"SearchAction","target":{"@type":"EntryPoint","urlTemplate":"https:\/\/www.subcms.it\/nuovo_sito_subcms\/?s={search_term_string}"},"query-input":"required name=search_term_string"}],"inLanguage":"it-IT"}]}},"jetpack_shortlink":"https:\/\/wp.me\/P4xsAT-c","jetpack_sharing_enabled":true,"jetpack_likes_enabled":true,"jetpack-related-posts":[{"id":1974,"url":"https:\/\/www.subcms.it\/nuovo_sito_subcms\/orari-allenamento-piscina\/","url_meta":{"origin":12,"position":0},"title":"Orari allenamento piscina","date":"10 Febbraio 2016","format":false,"excerpt":"Il Centro Monfalconese Sommozzatori mette a disposizione dei soci due corsie per gli allenamenti a corpo libero, quindi nuoto o apnea dinamica\/statica. Non \u00e8 previsto l'uso delle bombole. Le giornate sono: Luned\u00ec dalle ore 20.00 alle 21.00 Gioved\u00ec dalle ore 20.00 alle 21.00 La Piscina Comunale di Monfalcone (GO), si\u2026","rel":"","context":"Articolo simile","img":{"alt_text":"","src":"","width":0,"height":0},"classes":[]},{"id":1023,"url":"https:\/\/www.subcms.it\/nuovo_sito_subcms\/corsi-cms\/","url_meta":{"origin":12,"position":1},"title":"Corsi CMS","date":"9 Maggio 2014","format":false,"excerpt":"Per i nostri corsi disponiamo di un'aula didattica (in Via Colleoni, 3 - 34074 Monfalcone GO) dove vengono svolte le lezioni di teoria. Questa sala viene usata anche per le assemblee aperte a tutti i soci. Le lezioni in bacino delimitato vengono effettuate presso la\u00a0Piscina Comunale di Monfalcone (GO), in\u2026","rel":"","context":"Articolo simile","img":{"alt_text":"","src":"https:\/\/i0.wp.com\/www.subcms.it\/nuovo_sito_subcms\/wp-content\/uploads\/DSCN1489_LQ-300x219.jpg?resize=350%2C200","width":350,"height":200},"classes":[]},{"id":1634,"url":"https:\/\/www.subcms.it\/nuovo_sito_subcms\/cookie-policy\/","url_meta":{"origin":12,"position":2},"title":"Cookie Policy","date":"29 Maggio 2015","format":false,"excerpt":"Privacy Policy di www.subcms.it Questa Applicazione raccoglie alcuni Dati Personali dei propri Utenti. Titolare del Trattamento dei Dati Centro Monfalconese Sommozzatori, Via F.lli Zambon, 2 - 34079 Staranzano (GO - Italia), info@subcms.it Tipologie di Dati raccolti Fra i Dati Personali raccolti da questa Applicazione, in modo autonomo o tramite terze\u2026","rel":"","context":"Articolo simile","img":{"alt_text":"","src":"","width":0,"height":0},"classes":[]},{"id":988,"url":"https:\/\/www.subcms.it\/nuovo_sito_subcms\/privacy\/","url_meta":{"origin":12,"position":3},"title":"Privacy","date":"4 Maggio 2014","format":false,"excerpt":"Privacy Policy di Centro Monfalconese Sommozzatori Questa Applicazione raccoglie alcuni Dati Personali dei propri Utenti. Titolare del Trattamento dei Dati Centro Monfalconese Sommozzatori, info@subcms.it Tipologie di Dati raccolti Fra i Dati Personali raccolti da questa Applicazione, in modo autonomo o tramite terze parti, ci sono: Cookie, Dati di utilizzo, Email,\u2026","rel":"","context":"Articolo simile","img":{"alt_text":"","src":"","width":0,"height":0},"classes":[]},{"id":945,"url":"https:\/\/www.subcms.it\/nuovo_sito_subcms\/didattica-2\/","url_meta":{"origin":12,"position":4},"title":"Corsi FIPSAS","date":"3 Maggio 2014","format":false,"excerpt":"Il Centro Monfalconese Sommozzatori ha scelto di divulgare il proprio insegnamento e la pratica delle attivit\u00e0 subacquee secondo la didattica F.I.P.S.A.S. o Federazione Italiana Pesca Sportiva ed Attivit\u00e0 Subacquee. Come vi sar\u00e0 noto, nel mondo della subacquea esistono moltissime scuole di immersione, forse molto pi\u00f9 pubblicizzate della F.I.P.S.A.S., vuoi per\u2026","rel":"","context":"Articolo simile","img":{"alt_text":"","src":"","width":0,"height":0},"classes":[]},{"id":3076,"url":"https:\/\/www.subcms.it\/nuovo_sito_subcms\/catalogo-vestiario\/","url_meta":{"origin":12,"position":5},"title":"Catalogo vestiario","date":"12 Aprile 2019","format":false,"excerpt":"Cari amici e soci, il club si \u00e8 fatto la divisa! Da oggi se siete interessati potrete acquistare il vestiario ufficiale del nostro amato club. A disposizione troverete cappellini, tute, polo, boxer per l'estate e molto altro. Dovrete solo compilare questo modulo e inviarlo a info@subcms.it altrimenti lo potete consegnare\u2026","rel":"","context":"Articolo simile","img":{"alt_text":"","src":"https:\/\/i0.wp.com\/www.subcms.it\/nuovo_sito_subcms\/wp-content\/uploads\/CMS_CatalogoVestiario2019.jpg?fit=1169%2C826&ssl=1&resize=350%2C200","width":350,"height":200},"classes":[]}],"_links":{"self":[{"href":"https:\/\/www.subcms.it\/nuovo_sito_subcms\/wp-json\/wp\/v2\/pages\/12"}],"collection":[{"href":"https:\/\/www.subcms.it\/nuovo_sito_subcms\/wp-json\/wp\/v2\/pages"}],"about":[{"href":"https:\/\/www.subcms.it\/nuovo_sito_subcms\/wp-json\/wp\/v2\/types\/page"}],"author":[{"embeddable":true,"href":"https:\/\/www.subcms.it\/nuovo_sito_subcms\/wp-json\/wp\/v2\/users\/1"}],"replies":[{"embeddable":true,"href":"https:\/\/www.subcms.it\/nuovo_sito_subcms\/wp-json\/wp\/v2\/comments?post=12"}],"version-history":[{"count":4,"href":"https:\/\/www.subcms.it\/nuovo_sito_subcms\/wp-json\/wp\/v2\/pages\/12\/revisions"}],"predecessor-version":[{"id":3428,"href":"https:\/\/www.subcms.it\/nuovo_sito_subcms\/wp-json\/wp\/v2\/pages\/12\/revisions\/3428"}],"wp:attachment":[{"href":"https:\/\/www.subcms.it\/nuovo_sito_subcms\/wp-json\/wp\/v2\/media?parent=12"}],"curies":[{"name":"wp","href":"https:\/\/api.w.org\/{rel}","templated":true}]}}