{"id":1057,"date":"2014-05-11T19:22:46","date_gmt":"2014-05-11T17:22:46","guid":{"rendered":"http:\/\/www.subcms.it\/nuovo_sito_subcms\/?page_id=1057"},"modified":"2018-03-14T13:52:26","modified_gmt":"2018-03-14T12:52:26","slug":"i-brevetti","status":"publish","type":"page","link":"https:\/\/www.subcms.it\/nuovo_sito_subcms\/i-brevetti\/","title":{"rendered":"I brevetti"},"content":{"rendered":"<p>Dopo aver frequentato con successo un corso <a href=\"http:\/\/www.fipsas.it\/didattica\" target=\"_blank\" rel=\"noopener\">F.I.P.S.A.S.<\/a> viene rilasciato il <strong>brevetto federale<\/strong>, che \u00e8 validato anche dalla <a href=\"http:\/\/www.cmas.org\/\" target=\"_blank\" rel=\"noopener\">C.M.A.S.<\/a> (Confederazione Mondiale delle Attivit\u00e0 Subacquee), e quindi <strong>riconosciuto in tutta Italia<\/strong>, ma <strong>soprattutto nel mondo<\/strong>, per dare la possibilit\u00e0 a tutti gli appassionati di visitare i migliori <strong>fondali marini<\/strong>.<\/p>\n<p><img data-attachment-id=\"1058\" data-permalink=\"https:\/\/www.subcms.it\/nuovo_sito_subcms\/i-brevetti\/brevetti\/\" data-orig-file=\"https:\/\/i0.wp.com\/www.subcms.it\/nuovo_sito_subcms\/wp-content\/uploads\/brevetti.gif?fit=399%2C301&amp;ssl=1\" data-orig-size=\"399,301\" data-comments-opened=\"1\" data-image-meta=\"{&quot;aperture&quot;:&quot;0&quot;,&quot;credit&quot;:&quot;&quot;,&quot;camera&quot;:&quot;&quot;,&quot;caption&quot;:&quot;&quot;,&quot;created_timestamp&quot;:&quot;0&quot;,&quot;copyright&quot;:&quot;&quot;,&quot;focal_length&quot;:&quot;0&quot;,&quot;iso&quot;:&quot;0&quot;,&quot;shutter_speed&quot;:&quot;0&quot;,&quot;title&quot;:&quot;&quot;}\" data-image-title=\"brevetti\" data-image-description=\"\" data-image-caption=\"\" data-medium-file=\"https:\/\/i0.wp.com\/www.subcms.it\/nuovo_sito_subcms\/wp-content\/uploads\/brevetti.gif?fit=300%2C226&amp;ssl=1\" data-large-file=\"https:\/\/i0.wp.com\/www.subcms.it\/nuovo_sito_subcms\/wp-content\/uploads\/brevetti.gif?fit=399%2C301&amp;ssl=1\" decoding=\"async\" loading=\"lazy\" class=\"alignleft wp-image-1058 size-medium\" src=\"https:\/\/i0.wp.com\/www.subcms.it\/nuovo_sito_subcms\/wp-content\/uploads\/brevetti-300x226.gif?resize=300%2C226\" alt=\"brevetti\" width=\"300\" height=\"226\"  data-recalc-dims=\"1\"><\/p>\n","protected":false},"excerpt":{"rendered":"<p>Dopo aver frequentato con successo un corso F.I.P.S.A.S. viene rilasciato il brevetto federale, che \u00e8 validato anche dalla C.M.A.S. (Confederazione Mondiale delle Attivit\u00e0 Subacquee), e quindi riconosciuto in tutta Italia, ma soprattutto nel mondo, per dare la possibilit\u00e0 a tutti gli appassionati di visitare i migliori fondali marini.<\/p>\n","protected":false},"author":1,"featured_media":0,"parent":0,"menu_order":0,"comment_status":"open","ping_status":"open","template":"","meta":{"_s2mail":"yes","ngg_post_thumbnail":0,"jetpack_post_was_ever_published":false},"acf":[],"yoast_head":"<!-- This site is optimized with the Yoast SEO plugin v20.7 - https:\/\/yoast.com\/wordpress\/plugins\/seo\/ -->\n<title>I brevetti - Centro Monfalconese Sommozzatori (C.M.S)<\/title>\n<meta name=\"robots\" content=\"index, follow, max-snippet:-1, max-image-preview:large, max-video-preview:-1\" \/>\n<link rel=\"canonical\" href=\"https:\/\/www.subcms.it\/nuovo_sito_subcms\/i-brevetti\/\" \/>\n<meta property=\"og:locale\" content=\"it_IT\" \/>\n<meta property=\"og:type\" content=\"article\" \/>\n<meta property=\"og:title\" content=\"I brevetti - Centro Monfalconese Sommozzatori (C.M.S)\" \/>\n<meta property=\"og:description\" content=\"Dopo aver frequentato con successo un corso F.I.P.S.A.S. viene rilasciato il brevetto federale, che \u00e8 validato anche dalla C.M.A.S. (Confederazione Mondiale delle Attivit\u00e0 Subacquee), e quindi riconosciuto in tutta Italia, ma soprattutto nel mondo, per dare la possibilit\u00e0 a tutti gli appassionati di visitare i migliori fondali marini.\" \/>\n<meta property=\"og:url\" content=\"https:\/\/www.subcms.it\/nuovo_sito_subcms\/i-brevetti\/\" \/>\n<meta property=\"og:site_name\" content=\"Centro Monfalconese Sommozzatori (C.M.S)\" \/>\n<meta property=\"article:modified_time\" content=\"2018-03-14T12:52:26+00:00\" \/>\n<meta property=\"og:image\" content=\"http:\/\/www.subcms.it\/nuovo_sito_subcms\/wp-content\/uploads\/brevetti-300x226.gif\" \/>\n<script type=\"application\/ld+json\" class=\"yoast-schema-graph\">{\"@context\":\"https:\/\/schema.org\",\"@graph\":[{\"@type\":\"WebPage\",\"@id\":\"https:\/\/www.subcms.it\/nuovo_sito_subcms\/i-brevetti\/\",\"url\":\"https:\/\/www.subcms.it\/nuovo_sito_subcms\/i-brevetti\/\",\"name\":\"I brevetti - Centro Monfalconese Sommozzatori (C.M.S)\",\"isPartOf\":{\"@id\":\"https:\/\/www.subcms.it\/nuovo_sito_subcms\/#website\"},\"datePublished\":\"2014-05-11T17:22:46+00:00\",\"dateModified\":\"2018-03-14T12:52:26+00:00\",\"breadcrumb\":{\"@id\":\"https:\/\/www.subcms.it\/nuovo_sito_subcms\/i-brevetti\/#breadcrumb\"},\"inLanguage\":\"it-IT\",\"potentialAction\":[{\"@type\":\"ReadAction\",\"target\":[\"https:\/\/www.subcms.it\/nuovo_sito_subcms\/i-brevetti\/\"]}]},{\"@type\":\"BreadcrumbList\",\"@id\":\"https:\/\/www.subcms.it\/nuovo_sito_subcms\/i-brevetti\/#breadcrumb\",\"itemListElement\":[{\"@type\":\"ListItem\",\"position\":1,\"name\":\"Home\",\"item\":\"https:\/\/www.subcms.it\/nuovo_sito_subcms\/\"},{\"@type\":\"ListItem\",\"position\":2,\"name\":\"I brevetti\"}]},{\"@type\":\"WebSite\",\"@id\":\"https:\/\/www.subcms.it\/nuovo_sito_subcms\/#website\",\"url\":\"https:\/\/www.subcms.it\/nuovo_sito_subcms\/\",\"name\":\"Centro Monfalconese Sommozzatori (C.M.S)\",\"description\":\"- Corsi subacquea, apnea e mono pinna\",\"potentialAction\":[{\"@type\":\"SearchAction\",\"target\":{\"@type\":\"EntryPoint\",\"urlTemplate\":\"https:\/\/www.subcms.it\/nuovo_sito_subcms\/?s={search_term_string}\"},\"query-input\":\"required name=search_term_string\"}],\"inLanguage\":\"it-IT\"}]}<\/script>\n<!-- \/ Yoast SEO plugin. -->","yoast_head_json":{"title":"I brevetti - Centro Monfalconese Sommozzatori (C.M.S)","robots":{"index":"index","follow":"follow","max-snippet":"max-snippet:-1","max-image-preview":"max-image-preview:large","max-video-preview":"max-video-preview:-1"},"canonical":"https:\/\/www.subcms.it\/nuovo_sito_subcms\/i-brevetti\/","og_locale":"it_IT","og_type":"article","og_title":"I brevetti - Centro Monfalconese Sommozzatori (C.M.S)","og_description":"Dopo aver frequentato con successo un corso F.I.P.S.A.S. viene rilasciato il brevetto federale, che \u00e8 validato anche dalla C.M.A.S. (Confederazione Mondiale delle Attivit\u00e0 Subacquee), e quindi riconosciuto in tutta Italia, ma soprattutto nel mondo, per dare la possibilit\u00e0 a tutti gli appassionati di visitare i migliori fondali marini.","og_url":"https:\/\/www.subcms.it\/nuovo_sito_subcms\/i-brevetti\/","og_site_name":"Centro Monfalconese Sommozzatori (C.M.S)","article_modified_time":"2018-03-14T12:52:26+00:00","og_image":[{"url":"http:\/\/www.subcms.it\/nuovo_sito_subcms\/wp-content\/uploads\/brevetti-300x226.gif"}],"schema":{"@context":"https:\/\/schema.org","@graph":[{"@type":"WebPage","@id":"https:\/\/www.subcms.it\/nuovo_sito_subcms\/i-brevetti\/","url":"https:\/\/www.subcms.it\/nuovo_sito_subcms\/i-brevetti\/","name":"I brevetti - Centro Monfalconese Sommozzatori (C.M.S)","isPartOf":{"@id":"https:\/\/www.subcms.it\/nuovo_sito_subcms\/#website"},"datePublished":"2014-05-11T17:22:46+00:00","dateModified":"2018-03-14T12:52:26+00:00","breadcrumb":{"@id":"https:\/\/www.subcms.it\/nuovo_sito_subcms\/i-brevetti\/#breadcrumb"},"inLanguage":"it-IT","potentialAction":[{"@type":"ReadAction","target":["https:\/\/www.subcms.it\/nuovo_sito_subcms\/i-brevetti\/"]}]},{"@type":"BreadcrumbList","@id":"https:\/\/www.subcms.it\/nuovo_sito_subcms\/i-brevetti\/#breadcrumb","itemListElement":[{"@type":"ListItem","position":1,"name":"Home","item":"https:\/\/www.subcms.it\/nuovo_sito_subcms\/"},{"@type":"ListItem","position":2,"name":"I brevetti"}]},{"@type":"WebSite","@id":"https:\/\/www.subcms.it\/nuovo_sito_subcms\/#website","url":"https:\/\/www.subcms.it\/nuovo_sito_subcms\/","name":"Centro Monfalconese Sommozzatori (C.M.S)","description":"- Corsi subacquea, apnea e mono pinna","potentialAction":[{"@type":"SearchAction","target":{"@type":"EntryPoint","urlTemplate":"https:\/\/www.subcms.it\/nuovo_sito_subcms\/?s={search_term_string}"},"query-input":"required name=search_term_string"}],"inLanguage":"it-IT"}]}},"jetpack_shortlink":"https:\/\/wp.me\/P4xsAT-h3","jetpack_sharing_enabled":true,"jetpack_likes_enabled":true,"jetpack-related-posts":[],"_links":{"self":[{"href":"https:\/\/www.subcms.it\/nuovo_sito_subcms\/wp-json\/wp\/v2\/pages\/1057"}],"collection":[{"href":"https:\/\/www.subcms.it\/nuovo_sito_subcms\/wp-json\/wp\/v2\/pages"}],"about":[{"href":"https:\/\/www.subcms.it\/nuovo_sito_subcms\/wp-json\/wp\/v2\/types\/page"}],"author":[{"embeddable":true,"href":"https:\/\/www.subcms.it\/nuovo_sito_subcms\/wp-json\/wp\/v2\/users\/1"}],"replies":[{"embeddable":true,"href":"https:\/\/www.subcms.it\/nuovo_sito_subcms\/wp-json\/wp\/v2\/comments?post=1057"}],"version-history":[{"count":2,"href":"https:\/\/www.subcms.it\/nuovo_sito_subcms\/wp-json\/wp\/v2\/pages\/1057\/revisions"}],"predecessor-version":[{"id":2872,"href":"https:\/\/www.subcms.it\/nuovo_sito_subcms\/wp-json\/wp\/v2\/pages\/1057\/revisions\/2872"}],"wp:attachment":[{"href":"https:\/\/www.subcms.it\/nuovo_sito_subcms\/wp-json\/wp\/v2\/media?parent=1057"}],"curies":[{"name":"wp","href":"https:\/\/api.w.org\/{rel}","templated":true}]}}