{"id":1053,"date":"2014-05-11T19:12:31","date_gmt":"2014-05-11T17:12:31","guid":{"rendered":"http:\/\/www.subcms.it\/nuovo_sito_subcms\/?page_id=1053"},"modified":"2018-03-14T13:51:26","modified_gmt":"2018-03-14T12:51:26","slug":"didattica-per-specializzazioni","status":"publish","type":"page","link":"https:\/\/www.subcms.it\/nuovo_sito_subcms\/didattica-per-specializzazioni\/","title":{"rendered":"Le specializzazioni per la subacquea"},"content":{"rendered":"<p><img data-attachment-id=\"1054\" data-permalink=\"https:\/\/www.subcms.it\/nuovo_sito_subcms\/didattica-per-specializzazioni\/relitti\/\" data-orig-file=\"https:\/\/i0.wp.com\/www.subcms.it\/nuovo_sito_subcms\/wp-content\/uploads\/Relitti.jpg?fit=600%2C450&amp;ssl=1\" data-orig-size=\"600,450\" data-comments-opened=\"1\" data-image-meta=\"{&quot;aperture&quot;:&quot;0&quot;,&quot;credit&quot;:&quot;&quot;,&quot;camera&quot;:&quot;&quot;,&quot;caption&quot;:&quot;&quot;,&quot;created_timestamp&quot;:&quot;0&quot;,&quot;copyright&quot;:&quot;&quot;,&quot;focal_length&quot;:&quot;0&quot;,&quot;iso&quot;:&quot;0&quot;,&quot;shutter_speed&quot;:&quot;0&quot;,&quot;title&quot;:&quot;&quot;}\" data-image-title=\"Relitti\" data-image-description=\"\" data-image-caption=\"\" data-medium-file=\"https:\/\/i0.wp.com\/www.subcms.it\/nuovo_sito_subcms\/wp-content\/uploads\/Relitti.jpg?fit=300%2C225&amp;ssl=1\" data-large-file=\"https:\/\/i0.wp.com\/www.subcms.it\/nuovo_sito_subcms\/wp-content\/uploads\/Relitti.jpg?fit=600%2C450&amp;ssl=1\" decoding=\"async\" loading=\"lazy\" class=\"alignright wp-image-1054 size-medium\" src=\"https:\/\/i0.wp.com\/www.subcms.it\/nuovo_sito_subcms\/wp-content\/uploads\/Relitti-300x225.jpg?resize=300%2C225\" alt=\"Relitti\" width=\"300\" height=\"225\" srcset=\"https:\/\/i0.wp.com\/www.subcms.it\/nuovo_sito_subcms\/wp-content\/uploads\/Relitti.jpg?resize=300%2C225&amp;ssl=1 300w, https:\/\/i0.wp.com\/www.subcms.it\/nuovo_sito_subcms\/wp-content\/uploads\/Relitti.jpg?w=600&amp;ssl=1 600w\" sizes=\"(max-width: 300px) 100vw, 300px\" data-recalc-dims=\"1\" \/>Nell\u2019ambito della Federazione esistono diversi percorsi didattici sia in apnea che con l\u2019auto-respiratore, pertanto vi rimandiamo al sito della <a href=\"http:\/\/www.fipsas.it\/didattica\" target=\"_blank\" rel=\"noopener\">F.I.P.S.A.S.<\/a> per visionare l\u2019elenco completo dei corsi e la relativa documentazione. Di seguito riportiamo i principali brevetti conseguibili ed alcune specializzazioni:<\/p>\n<p>Ulteriori specializzazioni<\/p>\n<ul>\n<li>Notturna<\/li>\n<li>Relitti e secche<\/li>\n<li>Salvamento ed autosalvamento<\/li>\n<li>Corrente, profonda e blu<\/li>\n<li>Biologia marina<\/li>\n<li>Muta stagna<\/li>\n<li>Nitrox<\/li>\n<li>Immersioni in quota<\/li>\n<li>Immersioni fuori curva<\/li>\n<li>Altre ancora&#8230;<\/li>\n<\/ul>\n","protected":false},"excerpt":{"rendered":"<p>Nell\u2019ambito della Federazione esistono diversi percorsi didattici sia in apnea che con l\u2019auto-respiratore, pertanto vi rimandiamo al sito della F.I.P.S.A.S. per visionare l\u2019elenco completo dei corsi e la relativa documentazione. Di seguito riportiamo i principali brevetti conseguibili ed alcune specializzazioni: Ulteriori specializzazioni Notturna Relitti e secche Salvamento ed autosalvamento Corrente, profonda e blu Biologia marina Muta stagna Nitrox Immersioni in quota Immersioni fuori curva Altre ancora&#8230;<\/p>\n","protected":false},"author":1,"featured_media":0,"parent":0,"menu_order":0,"comment_status":"open","ping_status":"open","template":"","meta":{"_s2mail":"yes","ngg_post_thumbnail":0,"jetpack_post_was_ever_published":false},"acf":[],"yoast_head":"<!-- This site is optimized with the Yoast SEO plugin v20.7 - https:\/\/yoast.com\/wordpress\/plugins\/seo\/ -->\n<title>Le specializzazioni per la subacquea - Centro Monfalconese Sommozzatori (C.M.S)<\/title>\n<meta name=\"robots\" content=\"index, follow, max-snippet:-1, max-image-preview:large, max-video-preview:-1\" \/>\n<link rel=\"canonical\" href=\"https:\/\/www.subcms.it\/nuovo_sito_subcms\/didattica-per-specializzazioni\/\" \/>\n<meta property=\"og:locale\" content=\"it_IT\" \/>\n<meta property=\"og:type\" content=\"article\" \/>\n<meta property=\"og:title\" content=\"Le specializzazioni per la subacquea - Centro Monfalconese Sommozzatori (C.M.S)\" \/>\n<meta property=\"og:description\" content=\"Nell\u2019ambito della Federazione esistono diversi percorsi didattici sia in apnea che con l\u2019auto-respiratore, pertanto vi rimandiamo al sito della F.I.P.S.A.S. per visionare l\u2019elenco completo dei corsi e la relativa documentazione. Di seguito riportiamo i principali brevetti conseguibili ed alcune specializzazioni: Ulteriori specializzazioni Notturna Relitti e secche Salvamento ed autosalvamento Corrente, profonda e blu Biologia marina Muta stagna Nitrox Immersioni in quota Immersioni fuori curva Altre ancora&#8230;\" \/>\n<meta property=\"og:url\" content=\"https:\/\/www.subcms.it\/nuovo_sito_subcms\/didattica-per-specializzazioni\/\" \/>\n<meta property=\"og:site_name\" content=\"Centro Monfalconese Sommozzatori (C.M.S)\" \/>\n<meta property=\"article:modified_time\" content=\"2018-03-14T12:51:26+00:00\" \/>\n<meta property=\"og:image\" content=\"http:\/\/www.subcms.it\/nuovo_sito_subcms\/wp-content\/uploads\/Relitti-300x225.jpg\" \/>\n<script type=\"application\/ld+json\" class=\"yoast-schema-graph\">{\"@context\":\"https:\/\/schema.org\",\"@graph\":[{\"@type\":\"WebPage\",\"@id\":\"https:\/\/www.subcms.it\/nuovo_sito_subcms\/didattica-per-specializzazioni\/\",\"url\":\"https:\/\/www.subcms.it\/nuovo_sito_subcms\/didattica-per-specializzazioni\/\",\"name\":\"Le specializzazioni per la subacquea - Centro Monfalconese Sommozzatori (C.M.S)\",\"isPartOf\":{\"@id\":\"https:\/\/www.subcms.it\/nuovo_sito_subcms\/#website\"},\"datePublished\":\"2014-05-11T17:12:31+00:00\",\"dateModified\":\"2018-03-14T12:51:26+00:00\",\"breadcrumb\":{\"@id\":\"https:\/\/www.subcms.it\/nuovo_sito_subcms\/didattica-per-specializzazioni\/#breadcrumb\"},\"inLanguage\":\"it-IT\",\"potentialAction\":[{\"@type\":\"ReadAction\",\"target\":[\"https:\/\/www.subcms.it\/nuovo_sito_subcms\/didattica-per-specializzazioni\/\"]}]},{\"@type\":\"BreadcrumbList\",\"@id\":\"https:\/\/www.subcms.it\/nuovo_sito_subcms\/didattica-per-specializzazioni\/#breadcrumb\",\"itemListElement\":[{\"@type\":\"ListItem\",\"position\":1,\"name\":\"Home\",\"item\":\"https:\/\/www.subcms.it\/nuovo_sito_subcms\/\"},{\"@type\":\"ListItem\",\"position\":2,\"name\":\"Le specializzazioni per la subacquea\"}]},{\"@type\":\"WebSite\",\"@id\":\"https:\/\/www.subcms.it\/nuovo_sito_subcms\/#website\",\"url\":\"https:\/\/www.subcms.it\/nuovo_sito_subcms\/\",\"name\":\"Centro Monfalconese Sommozzatori (C.M.S)\",\"description\":\"- Corsi subacquea, apnea e mono pinna\",\"potentialAction\":[{\"@type\":\"SearchAction\",\"target\":{\"@type\":\"EntryPoint\",\"urlTemplate\":\"https:\/\/www.subcms.it\/nuovo_sito_subcms\/?s={search_term_string}\"},\"query-input\":\"required name=search_term_string\"}],\"inLanguage\":\"it-IT\"}]}<\/script>\n<!-- \/ Yoast SEO plugin. -->","yoast_head_json":{"title":"Le specializzazioni per la subacquea - Centro Monfalconese Sommozzatori (C.M.S)","robots":{"index":"index","follow":"follow","max-snippet":"max-snippet:-1","max-image-preview":"max-image-preview:large","max-video-preview":"max-video-preview:-1"},"canonical":"https:\/\/www.subcms.it\/nuovo_sito_subcms\/didattica-per-specializzazioni\/","og_locale":"it_IT","og_type":"article","og_title":"Le specializzazioni per la subacquea - Centro Monfalconese Sommozzatori (C.M.S)","og_description":"Nell\u2019ambito della Federazione esistono diversi percorsi didattici sia in apnea che con l\u2019auto-respiratore, pertanto vi rimandiamo al sito della F.I.P.S.A.S. per visionare l\u2019elenco completo dei corsi e la relativa documentazione. Di seguito riportiamo i principali brevetti conseguibili ed alcune specializzazioni: Ulteriori specializzazioni Notturna Relitti e secche Salvamento ed autosalvamento Corrente, profonda e blu Biologia marina Muta stagna Nitrox Immersioni in quota Immersioni fuori curva Altre ancora&#8230;","og_url":"https:\/\/www.subcms.it\/nuovo_sito_subcms\/didattica-per-specializzazioni\/","og_site_name":"Centro Monfalconese Sommozzatori (C.M.S)","article_modified_time":"2018-03-14T12:51:26+00:00","og_image":[{"url":"http:\/\/www.subcms.it\/nuovo_sito_subcms\/wp-content\/uploads\/Relitti-300x225.jpg"}],"schema":{"@context":"https:\/\/schema.org","@graph":[{"@type":"WebPage","@id":"https:\/\/www.subcms.it\/nuovo_sito_subcms\/didattica-per-specializzazioni\/","url":"https:\/\/www.subcms.it\/nuovo_sito_subcms\/didattica-per-specializzazioni\/","name":"Le specializzazioni per la subacquea - Centro Monfalconese Sommozzatori (C.M.S)","isPartOf":{"@id":"https:\/\/www.subcms.it\/nuovo_sito_subcms\/#website"},"datePublished":"2014-05-11T17:12:31+00:00","dateModified":"2018-03-14T12:51:26+00:00","breadcrumb":{"@id":"https:\/\/www.subcms.it\/nuovo_sito_subcms\/didattica-per-specializzazioni\/#breadcrumb"},"inLanguage":"it-IT","potentialAction":[{"@type":"ReadAction","target":["https:\/\/www.subcms.it\/nuovo_sito_subcms\/didattica-per-specializzazioni\/"]}]},{"@type":"BreadcrumbList","@id":"https:\/\/www.subcms.it\/nuovo_sito_subcms\/didattica-per-specializzazioni\/#breadcrumb","itemListElement":[{"@type":"ListItem","position":1,"name":"Home","item":"https:\/\/www.subcms.it\/nuovo_sito_subcms\/"},{"@type":"ListItem","position":2,"name":"Le specializzazioni per la subacquea"}]},{"@type":"WebSite","@id":"https:\/\/www.subcms.it\/nuovo_sito_subcms\/#website","url":"https:\/\/www.subcms.it\/nuovo_sito_subcms\/","name":"Centro Monfalconese Sommozzatori (C.M.S)","description":"- Corsi subacquea, apnea e mono pinna","potentialAction":[{"@type":"SearchAction","target":{"@type":"EntryPoint","urlTemplate":"https:\/\/www.subcms.it\/nuovo_sito_subcms\/?s={search_term_string}"},"query-input":"required name=search_term_string"}],"inLanguage":"it-IT"}]}},"jetpack_shortlink":"https:\/\/wp.me\/P4xsAT-gZ","jetpack_sharing_enabled":true,"jetpack_likes_enabled":true,"jetpack-related-posts":[{"id":1042,"url":"https:\/\/www.subcms.it\/nuovo_sito_subcms\/didattica-per-lapnea\/","url_meta":{"origin":1053,"position":0},"title":"I percorsi didattici per l&#8217;apnea","date":"11 Maggio 2014","format":false,"excerpt":"Nell'ambito della Federazione esistono diversi percorsi didattici sia in apnea che con l'auto-respiratore, pertanto vi rimandiamo al sito della F.I.P.S.A.S. per visionare l'elenco completo dei corsi e la relativa documentazione. Di seguito riportiamo i principali brevetti conseguibili ed alcune specializzazioni: In apnea Turistico Apnea Apneaista 1\u00b0 grado (fino a -8\u2026","rel":"","context":"Articolo simile","img":{"alt_text":"","src":"https:\/\/i0.wp.com\/www.subcms.it\/nuovo_sito_subcms\/wp-content\/uploads\/Apnea-225x300.jpg?resize=350%2C200","width":350,"height":200},"classes":[]},{"id":1048,"url":"https:\/\/www.subcms.it\/nuovo_sito_subcms\/didattica-per-subacquea\/","url_meta":{"origin":1053,"position":1},"title":"I percorsi didattici per la subacquea","date":"11 Maggio 2014","format":false,"excerpt":"Nell\u2019ambito della Federazione esistono diversi percorsi didattici sia in apnea che con l\u2019auto-respiratore, pertanto vi rimandiamo al sito della F.I.P.S.A.S. per visionare l\u2019elenco completo dei corsi e la relativa documentazione. Di seguito riportiamo i principali brevetti conseguibili ed alcune specializzazioni: Con l'autorespiratore ad aria Sommozzatore 1\u00b0 grado (fino a -18\u2026","rel":"","context":"Articolo simile","img":{"alt_text":"","src":"https:\/\/i0.wp.com\/www.subcms.it\/nuovo_sito_subcms\/wp-content\/uploads\/Small-Habili0055_edited-300x200.jpg?resize=350%2C200","width":350,"height":200},"classes":[]},{"id":953,"url":"https:\/\/www.subcms.it\/nuovo_sito_subcms\/chi-siamo-2\/","url_meta":{"origin":1053,"position":2},"title":"Chi siamo","date":"3 Maggio 2014","format":false,"excerpt":"Il Centro Monfalconese Sommozzatori (C.M.S.) \u00e8 un\u2019associazione no-profit fondata nel 1994 da un gruppo di appassionati subacquei con l\u2019intenzione di trasmettere e divulgare le proprie conoscenze nell\u2019ambito della didattica subacquea, proponendo corsi di apnea e di immersione con autorespiratore ad aria (bombole). La nostra attivit\u00e0 principale \u00e8 quella didattica e\u2026","rel":"","context":"Articolo simile","img":{"alt_text":"","src":"https:\/\/i0.wp.com\/www.subcms.it\/nuovo_sito_subcms\/wp-content\/uploads\/foto-cris-2006-048-300x225.jpg?resize=350%2C200","width":350,"height":200},"classes":[]},{"id":945,"url":"https:\/\/www.subcms.it\/nuovo_sito_subcms\/didattica-2\/","url_meta":{"origin":1053,"position":3},"title":"Corsi FIPSAS","date":"3 Maggio 2014","format":false,"excerpt":"Il Centro Monfalconese Sommozzatori ha scelto di divulgare il proprio insegnamento e la pratica delle attivit\u00e0 subacquee secondo la didattica F.I.P.S.A.S. o Federazione Italiana Pesca Sportiva ed Attivit\u00e0 Subacquee. Come vi sar\u00e0 noto, nel mondo della subacquea esistono moltissime scuole di immersione, forse molto pi\u00f9 pubblicizzate della F.I.P.S.A.S., vuoi per\u2026","rel":"","context":"Articolo simile","img":{"alt_text":"","src":"","width":0,"height":0},"classes":[]},{"id":1449,"url":"https:\/\/www.subcms.it\/nuovo_sito_subcms\/didattica-per-il-mini-ara-e-mini-apnea\/","url_meta":{"origin":1053,"position":4},"title":"Didattica per il Mini ARA e Mini Apnea","date":"16 Gennaio 2015","format":false,"excerpt":"Dal 2004 la FIPSAS, Federazione Italiana Pesca Sportiva ed Attivit\u00e0 Subacquee, ha arricchito la propria offerta didattica, tradizionalmente orientata agli sportivi adulti (dai 14 anni in poi), con il nuovo settore della Didattica MiniSub, indirizzata a tutta la popolazione giovanile fino ai 14\/15 anni. La Didattica MiniSub \u00e8 nata come\u2026","rel":"","context":"Articolo simile","img":{"alt_text":"","src":"https:\/\/i0.wp.com\/www.subcms.it\/nuovo_sito_subcms\/wp-content\/uploads\/SDC13111-web-300x225.jpg?resize=350%2C200","width":350,"height":200},"classes":[]},{"id":988,"url":"https:\/\/www.subcms.it\/nuovo_sito_subcms\/privacy\/","url_meta":{"origin":1053,"position":5},"title":"Privacy","date":"4 Maggio 2014","format":false,"excerpt":"Privacy Policy di Centro Monfalconese Sommozzatori Questa Applicazione raccoglie alcuni Dati Personali dei propri Utenti. Titolare del Trattamento dei Dati Centro Monfalconese Sommozzatori, info@subcms.it Tipologie di Dati raccolti Fra i Dati Personali raccolti da questa Applicazione, in modo autonomo o tramite terze parti, ci sono: Cookie, Dati di utilizzo, Email,\u2026","rel":"","context":"Articolo simile","img":{"alt_text":"","src":"","width":0,"height":0},"classes":[]}],"_links":{"self":[{"href":"https:\/\/www.subcms.it\/nuovo_sito_subcms\/wp-json\/wp\/v2\/pages\/1053"}],"collection":[{"href":"https:\/\/www.subcms.it\/nuovo_sito_subcms\/wp-json\/wp\/v2\/pages"}],"about":[{"href":"https:\/\/www.subcms.it\/nuovo_sito_subcms\/wp-json\/wp\/v2\/types\/page"}],"author":[{"embeddable":true,"href":"https:\/\/www.subcms.it\/nuovo_sito_subcms\/wp-json\/wp\/v2\/users\/1"}],"replies":[{"embeddable":true,"href":"https:\/\/www.subcms.it\/nuovo_sito_subcms\/wp-json\/wp\/v2\/comments?post=1053"}],"version-history":[{"count":4,"href":"https:\/\/www.subcms.it\/nuovo_sito_subcms\/wp-json\/wp\/v2\/pages\/1053\/revisions"}],"predecessor-version":[{"id":2871,"href":"https:\/\/www.subcms.it\/nuovo_sito_subcms\/wp-json\/wp\/v2\/pages\/1053\/revisions\/2871"}],"wp:attachment":[{"href":"https:\/\/www.subcms.it\/nuovo_sito_subcms\/wp-json\/wp\/v2\/media?parent=1053"}],"curies":[{"name":"wp","href":"https:\/\/api.w.org\/{rel}","templated":true}]}}