{"id":1023,"date":"2014-05-09T13:56:42","date_gmt":"2014-05-09T11:56:42","guid":{"rendered":"http:\/\/www.subcms.it\/nuovo_sito_subcms\/?page_id=1023"},"modified":"2023-05-13T11:15:00","modified_gmt":"2023-05-13T09:15:00","slug":"corsi-cms","status":"publish","type":"page","link":"https:\/\/www.subcms.it\/nuovo_sito_subcms\/corsi-cms\/","title":{"rendered":"Corsi CMS"},"content":{"rendered":"<p>Per i nostri corsi disponiamo di un&#8217;aula didattica (in Via Colleoni, 3 &#8211; 34074 Monfalcone GO) dove vengono svolte le lezioni di teoria. Questa sala viene usata anche per le <strong>assemblee<\/strong> aperte a tutti i <strong>soci<\/strong>.<\/p>\n<p><img data-attachment-id=\"1021\" data-permalink=\"https:\/\/www.subcms.it\/nuovo_sito_subcms\/dscn1489_lq\/\" data-orig-file=\"https:\/\/i0.wp.com\/www.subcms.it\/nuovo_sito_subcms\/wp-content\/uploads\/DSCN1489_LQ.jpg?fit=1975%2C1447&amp;ssl=1\" data-orig-size=\"1975,1447\" data-comments-opened=\"1\" data-image-meta=\"{&quot;aperture&quot;:&quot;0&quot;,&quot;credit&quot;:&quot;&quot;,&quot;camera&quot;:&quot;&quot;,&quot;caption&quot;:&quot;&quot;,&quot;created_timestamp&quot;:&quot;0&quot;,&quot;copyright&quot;:&quot;&quot;,&quot;focal_length&quot;:&quot;0&quot;,&quot;iso&quot;:&quot;0&quot;,&quot;shutter_speed&quot;:&quot;0&quot;,&quot;title&quot;:&quot;&quot;}\" data-image-title=\"DSCN1489_LQ\" data-image-description=\"\" data-image-caption=\"\" data-medium-file=\"https:\/\/i0.wp.com\/www.subcms.it\/nuovo_sito_subcms\/wp-content\/uploads\/DSCN1489_LQ.jpg?fit=300%2C219&amp;ssl=1\" data-large-file=\"https:\/\/i0.wp.com\/www.subcms.it\/nuovo_sito_subcms\/wp-content\/uploads\/DSCN1489_LQ.jpg?fit=969%2C710&amp;ssl=1\" decoding=\"async\" loading=\"lazy\" class=\"aligncenter size-medium wp-image-1021\" src=\"https:\/\/i0.wp.com\/www.subcms.it\/nuovo_sito_subcms\/wp-content\/uploads\/DSCN1489_LQ-300x219.jpg?resize=300%2C219\" alt=\"DSCN1489_LQ\" width=\"300\" height=\"219\" srcset=\"https:\/\/i0.wp.com\/www.subcms.it\/nuovo_sito_subcms\/wp-content\/uploads\/DSCN1489_LQ.jpg?resize=300%2C219&amp;ssl=1 300w, https:\/\/i0.wp.com\/www.subcms.it\/nuovo_sito_subcms\/wp-content\/uploads\/DSCN1489_LQ.jpg?resize=1024%2C750&amp;ssl=1 1024w, https:\/\/i0.wp.com\/www.subcms.it\/nuovo_sito_subcms\/wp-content\/uploads\/DSCN1489_LQ.jpg?w=1975&amp;ssl=1 1975w\" sizes=\"(max-width: 300px) 100vw, 300px\" data-recalc-dims=\"1\" \/><\/p>\n<p>Le lezioni in bacino delimitato vengono effettuate presso la&nbsp;<a href=\"http:\/\/www.monfalconepiscine.com\/\" target=\"_blank\" rel=\"noopener\"><strong>Piscina Comunale di Monfalcone (GO)<\/strong><\/a>, in Via Capitello del Cristo N.8. Gli orari possono cambiare da stagione a stagione, normalmente la sera due volte alla settimana.<\/p>\n<p><img data-attachment-id=\"1020\" data-permalink=\"https:\/\/www.subcms.it\/nuovo_sito_subcms\/dscn0126_lq\/\" data-orig-file=\"https:\/\/i0.wp.com\/www.subcms.it\/nuovo_sito_subcms\/wp-content\/uploads\/DSCN0126_LQ.jpg?fit=340%2C229&amp;ssl=1\" data-orig-size=\"340,229\" data-comments-opened=\"1\" data-image-meta=\"{&quot;aperture&quot;:&quot;0&quot;,&quot;credit&quot;:&quot;&quot;,&quot;camera&quot;:&quot;&quot;,&quot;caption&quot;:&quot;&quot;,&quot;created_timestamp&quot;:&quot;0&quot;,&quot;copyright&quot;:&quot;&quot;,&quot;focal_length&quot;:&quot;0&quot;,&quot;iso&quot;:&quot;0&quot;,&quot;shutter_speed&quot;:&quot;0&quot;,&quot;title&quot;:&quot;&quot;}\" data-image-title=\"DSCN0126_LQ\" data-image-description=\"\" data-image-caption=\"\" data-medium-file=\"https:\/\/i0.wp.com\/www.subcms.it\/nuovo_sito_subcms\/wp-content\/uploads\/DSCN0126_LQ.jpg?fit=300%2C202&amp;ssl=1\" data-large-file=\"https:\/\/i0.wp.com\/www.subcms.it\/nuovo_sito_subcms\/wp-content\/uploads\/DSCN0126_LQ.jpg?fit=340%2C229&amp;ssl=1\" decoding=\"async\" loading=\"lazy\" class=\"aligncenter size-medium wp-image-1020\" src=\"https:\/\/i0.wp.com\/www.subcms.it\/nuovo_sito_subcms\/wp-content\/uploads\/DSCN0126_LQ-300x202.jpg?resize=300%2C202\" alt=\"DSCN0126_LQ\" width=\"300\" height=\"202\" srcset=\"https:\/\/i0.wp.com\/www.subcms.it\/nuovo_sito_subcms\/wp-content\/uploads\/DSCN0126_LQ.jpg?resize=300%2C202&amp;ssl=1 300w, https:\/\/i0.wp.com\/www.subcms.it\/nuovo_sito_subcms\/wp-content\/uploads\/DSCN0126_LQ.jpg?w=340&amp;ssl=1 340w\" sizes=\"(max-width: 300px) 100vw, 300px\" data-recalc-dims=\"1\" \/><\/p>\n<p>Mentre per le lezioni in acque libere sfruttiamo le nostre coste del mare Adriatico, generalmente le prime lezioni avvengono nella zona di Sistiana, mentre le successive&nbsp; nella vicina Istria (Croazia).<\/p>\n<p><img data-attachment-id=\"1022\" data-permalink=\"https:\/\/www.subcms.it\/nuovo_sito_subcms\/dscn0125_lq\/\" data-orig-file=\"https:\/\/i0.wp.com\/www.subcms.it\/nuovo_sito_subcms\/wp-content\/uploads\/DSCN0125_LQ.jpg?fit=425%2C318&amp;ssl=1\" data-orig-size=\"425,318\" data-comments-opened=\"1\" data-image-meta=\"{&quot;aperture&quot;:&quot;0&quot;,&quot;credit&quot;:&quot;&quot;,&quot;camera&quot;:&quot;&quot;,&quot;caption&quot;:&quot;&quot;,&quot;created_timestamp&quot;:&quot;0&quot;,&quot;copyright&quot;:&quot;&quot;,&quot;focal_length&quot;:&quot;0&quot;,&quot;iso&quot;:&quot;0&quot;,&quot;shutter_speed&quot;:&quot;0&quot;,&quot;title&quot;:&quot;&quot;}\" data-image-title=\"DSCN0125_LQ\" data-image-description=\"\" data-image-caption=\"\" data-medium-file=\"https:\/\/i0.wp.com\/www.subcms.it\/nuovo_sito_subcms\/wp-content\/uploads\/DSCN0125_LQ.jpg?fit=300%2C224&amp;ssl=1\" data-large-file=\"https:\/\/i0.wp.com\/www.subcms.it\/nuovo_sito_subcms\/wp-content\/uploads\/DSCN0125_LQ.jpg?fit=425%2C318&amp;ssl=1\" decoding=\"async\" loading=\"lazy\" class=\"aligncenter size-medium wp-image-1022\" src=\"https:\/\/i0.wp.com\/www.subcms.it\/nuovo_sito_subcms\/wp-content\/uploads\/DSCN0125_LQ-300x224.jpg?resize=300%2C224\" alt=\"DSCN0125_LQ\" width=\"300\" height=\"224\" srcset=\"https:\/\/i0.wp.com\/www.subcms.it\/nuovo_sito_subcms\/wp-content\/uploads\/DSCN0125_LQ.jpg?resize=300%2C224&amp;ssl=1 300w, https:\/\/i0.wp.com\/www.subcms.it\/nuovo_sito_subcms\/wp-content\/uploads\/DSCN0125_LQ.jpg?w=425&amp;ssl=1 425w\" sizes=\"(max-width: 300px) 100vw, 300px\" data-recalc-dims=\"1\" \/><\/p>\n<p>&nbsp;<\/p>\n","protected":false},"excerpt":{"rendered":"<p>Per i nostri corsi disponiamo di un&#8217;aula didattica (in Via Colleoni, 3 &#8211; 34074 Monfalcone GO) dove vengono svolte le lezioni di teoria. Questa sala viene usata anche per le assemblee aperte a tutti i soci. Le lezioni in bacino delimitato vengono effettuate presso la&nbsp;Piscina Comunale di Monfalcone (GO), in Via Capitello del Cristo N.8. Gli orari possono cambiare da stagione a stagione, normalmente la sera due volte alla settimana. Mentre per le lezioni in acque libere sfruttiamo le nostre &#8230;<\/p>\n<p><a href=\"https:\/\/www.subcms.it\/nuovo_sito_subcms\/corsi-cms\/\">Di pi&ugrave; &raquo;<\/a><\/p>\n","protected":false},"author":1,"featured_media":0,"parent":0,"menu_order":0,"comment_status":"open","ping_status":"open","template":"","meta":{"_s2mail":"yes","ngg_post_thumbnail":0,"jetpack_post_was_ever_published":false},"acf":[],"yoast_head":"<!-- This site is optimized with the Yoast SEO plugin v20.7 - https:\/\/yoast.com\/wordpress\/plugins\/seo\/ -->\n<title>Corsi CMS - Centro Monfalconese Sommozzatori (C.M.S)<\/title>\n<meta name=\"robots\" content=\"index, follow, max-snippet:-1, max-image-preview:large, max-video-preview:-1\" \/>\n<link rel=\"canonical\" href=\"https:\/\/www.subcms.it\/nuovo_sito_subcms\/corsi-cms\/\" \/>\n<meta property=\"og:locale\" content=\"it_IT\" \/>\n<meta property=\"og:type\" content=\"article\" \/>\n<meta property=\"og:title\" content=\"Corsi CMS - Centro Monfalconese Sommozzatori (C.M.S)\" \/>\n<meta property=\"og:description\" content=\"Per i nostri corsi disponiamo di un&#8217;aula didattica (in Via Colleoni, 3 &#8211; 34074 Monfalcone GO) dove vengono svolte le lezioni di teoria. Questa sala viene usata anche per le assemblee aperte a tutti i soci. Le lezioni in bacino delimitato vengono effettuate presso la&nbsp;Piscina Comunale di Monfalcone (GO), in Via Capitello del Cristo N.8. Gli orari possono cambiare da stagione a stagione, normalmente la sera due volte alla settimana. Mentre per le lezioni in acque libere sfruttiamo le nostre ...Di pi&ugrave; &raquo;\" \/>\n<meta property=\"og:url\" content=\"https:\/\/www.subcms.it\/nuovo_sito_subcms\/corsi-cms\/\" \/>\n<meta property=\"og:site_name\" content=\"Centro Monfalconese Sommozzatori (C.M.S)\" \/>\n<meta property=\"article:modified_time\" content=\"2023-05-13T09:15:00+00:00\" \/>\n<meta property=\"og:image\" content=\"http:\/\/www.subcms.it\/nuovo_sito_subcms\/wp-content\/uploads\/DSCN1489_LQ-300x219.jpg\" \/>\n<meta name=\"twitter:label1\" content=\"Tempo di lettura stimato\" \/>\n\t<meta name=\"twitter:data1\" content=\"2 minuti\" \/>\n<script type=\"application\/ld+json\" class=\"yoast-schema-graph\">{\"@context\":\"https:\/\/schema.org\",\"@graph\":[{\"@type\":\"WebPage\",\"@id\":\"https:\/\/www.subcms.it\/nuovo_sito_subcms\/corsi-cms\/\",\"url\":\"https:\/\/www.subcms.it\/nuovo_sito_subcms\/corsi-cms\/\",\"name\":\"Corsi CMS - Centro Monfalconese Sommozzatori (C.M.S)\",\"isPartOf\":{\"@id\":\"https:\/\/www.subcms.it\/nuovo_sito_subcms\/#website\"},\"datePublished\":\"2014-05-09T11:56:42+00:00\",\"dateModified\":\"2023-05-13T09:15:00+00:00\",\"breadcrumb\":{\"@id\":\"https:\/\/www.subcms.it\/nuovo_sito_subcms\/corsi-cms\/#breadcrumb\"},\"inLanguage\":\"it-IT\",\"potentialAction\":[{\"@type\":\"ReadAction\",\"target\":[\"https:\/\/www.subcms.it\/nuovo_sito_subcms\/corsi-cms\/\"]}]},{\"@type\":\"BreadcrumbList\",\"@id\":\"https:\/\/www.subcms.it\/nuovo_sito_subcms\/corsi-cms\/#breadcrumb\",\"itemListElement\":[{\"@type\":\"ListItem\",\"position\":1,\"name\":\"Home\",\"item\":\"https:\/\/www.subcms.it\/nuovo_sito_subcms\/\"},{\"@type\":\"ListItem\",\"position\":2,\"name\":\"Corsi CMS\"}]},{\"@type\":\"WebSite\",\"@id\":\"https:\/\/www.subcms.it\/nuovo_sito_subcms\/#website\",\"url\":\"https:\/\/www.subcms.it\/nuovo_sito_subcms\/\",\"name\":\"Centro Monfalconese Sommozzatori (C.M.S)\",\"description\":\"- Corsi subacquea, apnea e mono pinna\",\"potentialAction\":[{\"@type\":\"SearchAction\",\"target\":{\"@type\":\"EntryPoint\",\"urlTemplate\":\"https:\/\/www.subcms.it\/nuovo_sito_subcms\/?s={search_term_string}\"},\"query-input\":\"required name=search_term_string\"}],\"inLanguage\":\"it-IT\"}]}<\/script>\n<!-- \/ Yoast SEO plugin. -->","yoast_head_json":{"title":"Corsi CMS - Centro Monfalconese Sommozzatori (C.M.S)","robots":{"index":"index","follow":"follow","max-snippet":"max-snippet:-1","max-image-preview":"max-image-preview:large","max-video-preview":"max-video-preview:-1"},"canonical":"https:\/\/www.subcms.it\/nuovo_sito_subcms\/corsi-cms\/","og_locale":"it_IT","og_type":"article","og_title":"Corsi CMS - Centro Monfalconese Sommozzatori (C.M.S)","og_description":"Per i nostri corsi disponiamo di un&#8217;aula didattica (in Via Colleoni, 3 &#8211; 34074 Monfalcone GO) dove vengono svolte le lezioni di teoria. Questa sala viene usata anche per le assemblee aperte a tutti i soci. Le lezioni in bacino delimitato vengono effettuate presso la&nbsp;Piscina Comunale di Monfalcone (GO), in Via Capitello del Cristo N.8. Gli orari possono cambiare da stagione a stagione, normalmente la sera due volte alla settimana. Mentre per le lezioni in acque libere sfruttiamo le nostre ...Di pi&ugrave; &raquo;","og_url":"https:\/\/www.subcms.it\/nuovo_sito_subcms\/corsi-cms\/","og_site_name":"Centro Monfalconese Sommozzatori (C.M.S)","article_modified_time":"2023-05-13T09:15:00+00:00","og_image":[{"url":"http:\/\/www.subcms.it\/nuovo_sito_subcms\/wp-content\/uploads\/DSCN1489_LQ-300x219.jpg"}],"twitter_misc":{"Tempo di lettura stimato":"2 minuti"},"schema":{"@context":"https:\/\/schema.org","@graph":[{"@type":"WebPage","@id":"https:\/\/www.subcms.it\/nuovo_sito_subcms\/corsi-cms\/","url":"https:\/\/www.subcms.it\/nuovo_sito_subcms\/corsi-cms\/","name":"Corsi CMS - Centro Monfalconese Sommozzatori (C.M.S)","isPartOf":{"@id":"https:\/\/www.subcms.it\/nuovo_sito_subcms\/#website"},"datePublished":"2014-05-09T11:56:42+00:00","dateModified":"2023-05-13T09:15:00+00:00","breadcrumb":{"@id":"https:\/\/www.subcms.it\/nuovo_sito_subcms\/corsi-cms\/#breadcrumb"},"inLanguage":"it-IT","potentialAction":[{"@type":"ReadAction","target":["https:\/\/www.subcms.it\/nuovo_sito_subcms\/corsi-cms\/"]}]},{"@type":"BreadcrumbList","@id":"https:\/\/www.subcms.it\/nuovo_sito_subcms\/corsi-cms\/#breadcrumb","itemListElement":[{"@type":"ListItem","position":1,"name":"Home","item":"https:\/\/www.subcms.it\/nuovo_sito_subcms\/"},{"@type":"ListItem","position":2,"name":"Corsi CMS"}]},{"@type":"WebSite","@id":"https:\/\/www.subcms.it\/nuovo_sito_subcms\/#website","url":"https:\/\/www.subcms.it\/nuovo_sito_subcms\/","name":"Centro Monfalconese Sommozzatori (C.M.S)","description":"- Corsi subacquea, apnea e mono pinna","potentialAction":[{"@type":"SearchAction","target":{"@type":"EntryPoint","urlTemplate":"https:\/\/www.subcms.it\/nuovo_sito_subcms\/?s={search_term_string}"},"query-input":"required name=search_term_string"}],"inLanguage":"it-IT"}]}},"jetpack_shortlink":"https:\/\/wp.me\/P4xsAT-gv","jetpack_sharing_enabled":true,"jetpack_likes_enabled":true,"jetpack-related-posts":[{"id":1974,"url":"https:\/\/www.subcms.it\/nuovo_sito_subcms\/orari-allenamento-piscina\/","url_meta":{"origin":1023,"position":0},"title":"Orari allenamento piscina","date":"10 Febbraio 2016","format":false,"excerpt":"Il Centro Monfalconese Sommozzatori mette a disposizione dei soci due corsie per gli allenamenti a corpo libero, quindi nuoto o apnea dinamica\/statica. Non \u00e8 previsto l'uso delle bombole. Le giornate sono: Luned\u00ec dalle ore 20.00 alle 21.00 Gioved\u00ec dalle ore 20.00 alle 21.00 La Piscina Comunale di Monfalcone (GO), si\u2026","rel":"","context":"Articolo simile","img":{"alt_text":"","src":"","width":0,"height":0},"classes":[]},{"id":10,"url":"https:\/\/www.subcms.it\/nuovo_sito_subcms\/","url_meta":{"origin":1023,"position":1},"title":"Home","date":"13 Aprile 2014","format":false,"excerpt":"La nostra attivit\u00e0 principale \u00e8 quella didattica e si sviluppa attraverso dei corsi formativi. I Corsi, della durata di circa due mesi, permettono ai partecipanti di migliorare le proprie capacit\u00e0 acquatiche, per potersi immergere in sicurezza e tranquillit\u00e0. Alla fine del corso viene poi rilasciato un brevetto\u00a0riconosciuto a livello internazionale.\u2026","rel":"","context":"Articolo simile","img":{"alt_text":"","src":"","width":0,"height":0},"classes":[]},{"id":953,"url":"https:\/\/www.subcms.it\/nuovo_sito_subcms\/chi-siamo-2\/","url_meta":{"origin":1023,"position":2},"title":"Chi siamo","date":"3 Maggio 2014","format":false,"excerpt":"Il Centro Monfalconese Sommozzatori (C.M.S.) \u00e8 un\u2019associazione no-profit fondata nel 1994 da un gruppo di appassionati subacquei con l\u2019intenzione di trasmettere e divulgare le proprie conoscenze nell\u2019ambito della didattica subacquea, proponendo corsi di apnea e di immersione con autorespiratore ad aria (bombole). La nostra attivit\u00e0 principale \u00e8 quella didattica e\u2026","rel":"","context":"Articolo simile","img":{"alt_text":"","src":"https:\/\/i0.wp.com\/www.subcms.it\/nuovo_sito_subcms\/wp-content\/uploads\/foto-cris-2006-048-300x225.jpg?resize=350%2C200","width":350,"height":200},"classes":[]},{"id":1053,"url":"https:\/\/www.subcms.it\/nuovo_sito_subcms\/didattica-per-specializzazioni\/","url_meta":{"origin":1023,"position":3},"title":"Le specializzazioni per la subacquea","date":"11 Maggio 2014","format":false,"excerpt":"Nell\u2019ambito della Federazione esistono diversi percorsi didattici sia in apnea che con l\u2019auto-respiratore, pertanto vi rimandiamo al sito della F.I.P.S.A.S. per visionare l\u2019elenco completo dei corsi e la relativa documentazione. Di seguito riportiamo i principali brevetti conseguibili ed alcune specializzazioni: Ulteriori specializzazioni Notturna Relitti e secche Salvamento ed autosalvamento Corrente,\u2026","rel":"","context":"Articolo simile","img":{"alt_text":"","src":"https:\/\/i0.wp.com\/www.subcms.it\/nuovo_sito_subcms\/wp-content\/uploads\/Relitti-300x225.jpg?resize=350%2C200","width":350,"height":200},"classes":[]},{"id":1042,"url":"https:\/\/www.subcms.it\/nuovo_sito_subcms\/didattica-per-lapnea\/","url_meta":{"origin":1023,"position":4},"title":"I percorsi didattici per l&#8217;apnea","date":"11 Maggio 2014","format":false,"excerpt":"Nell'ambito della Federazione esistono diversi percorsi didattici sia in apnea che con l'auto-respiratore, pertanto vi rimandiamo al sito della F.I.P.S.A.S. per visionare l'elenco completo dei corsi e la relativa documentazione. Di seguito riportiamo i principali brevetti conseguibili ed alcune specializzazioni: In apnea Turistico Apnea Apneaista 1\u00b0 grado (fino a -8\u2026","rel":"","context":"Articolo simile","img":{"alt_text":"","src":"https:\/\/i0.wp.com\/www.subcms.it\/nuovo_sito_subcms\/wp-content\/uploads\/Apnea-225x300.jpg?resize=350%2C200","width":350,"height":200},"classes":[]},{"id":12,"url":"https:\/\/www.subcms.it\/nuovo_sito_subcms\/contatti\/","url_meta":{"origin":1023,"position":5},"title":"Contatti","date":"13 Aprile 2014","format":false,"excerpt":"Contatti per maggiori informazioni e richieste. Via Colleoni, 3 - 34074 Monfalcone (GO) Info : 347.2544751 e-mail : info@subcms.it","rel":"","context":"Articolo simile","img":{"alt_text":"","src":"","width":0,"height":0},"classes":[]}],"_links":{"self":[{"href":"https:\/\/www.subcms.it\/nuovo_sito_subcms\/wp-json\/wp\/v2\/pages\/1023"}],"collection":[{"href":"https:\/\/www.subcms.it\/nuovo_sito_subcms\/wp-json\/wp\/v2\/pages"}],"about":[{"href":"https:\/\/www.subcms.it\/nuovo_sito_subcms\/wp-json\/wp\/v2\/types\/page"}],"author":[{"embeddable":true,"href":"https:\/\/www.subcms.it\/nuovo_sito_subcms\/wp-json\/wp\/v2\/users\/1"}],"replies":[{"embeddable":true,"href":"https:\/\/www.subcms.it\/nuovo_sito_subcms\/wp-json\/wp\/v2\/comments?post=1023"}],"version-history":[{"count":7,"href":"https:\/\/www.subcms.it\/nuovo_sito_subcms\/wp-json\/wp\/v2\/pages\/1023\/revisions"}],"predecessor-version":[{"id":3416,"href":"https:\/\/www.subcms.it\/nuovo_sito_subcms\/wp-json\/wp\/v2\/pages\/1023\/revisions\/3416"}],"wp:attachment":[{"href":"https:\/\/www.subcms.it\/nuovo_sito_subcms\/wp-json\/wp\/v2\/media?parent=1023"}],"curies":[{"name":"wp","href":"https:\/\/api.w.org\/{rel}","templated":true}]}}